{"id":3,"date":"2026-03-18T10:20:06","date_gmt":"2026-03-18T10:20:06","guid":{"rendered":"http:\/\/aa-house.ch\/?page_id=3"},"modified":"2026-04-07T13:26:09","modified_gmt":"2026-04-07T13:26:09","slug":"politique-de-confidentialite","status":"publish","type":"page","link":"https:\/\/aa-house.ch\/en\/politique-de-confidentialite\/","title":{"rendered":"Privacy Policy"},"content":{"rendered":"<div class=\"et_pb_section_0 et_pb_section et_section_regular et_block_section\">\n<div class=\"et_pb_row_0 et_pb_row et_block_row\">\n<div class=\"et_pb_column_0 et_pb_column et_pb_column_4_4 et-last-child et_block_column et_pb_css_mix_blend_mode_passthrough\">\n<div class=\"et_pb_text_0 et_pb_text et_pb_bg_layout_light et_pb_module et_block_module\"><div class=\"et_pb_text_inner\"><h1><span><strong>Privacy Policy<\/strong><\/span><\/h1>\n<p>\u00a0<\/p>\n<p>La pr\u00e9sente charte sur le respect de la vie priv\u00e9e (la \u00ab Charte \u00bb) a pour objectif de formaliser notre engagement quant au respect de la vie priv\u00e9e des utilisateurs du site internet <a href=\"https:\/\/aa-house.ch\/en\/\">www.aa-house.ch<\/a> et <a href=\"http:\/\/www.aa-house.com\">www.aa-house.com<\/a> (le \u00ab Site \u00bb) exploit\u00e9 par Julie Wittgenstein.<br \/>Dans le cadre de la mise \u00e0 disposition de notre Site, nous traitons vos donn\u00e9es \u00e0 caract\u00e8re personnel dans le respect du R\u00e8glement G\u00e9n\u00e9ral sur la Protection des Donn\u00e9es\u00a0 (\u00ab RGPD \u00bb) et dans les conditions expos\u00e9es ci-apr\u00e8s.<br \/>Une donn\u00e9e \u00e0 caract\u00e8re personnel d\u00e9signe toute information se rapportant \u00e0 une personne physique identifi\u00e9e ou identifiable. Nous collectons et traitons des donn\u00e9es \u00e0 caract\u00e8re personnel dans le cadre de la fourniture de nos Services ou de la communication \u00e0 propos de ces Services exclusivement, en stricte conformit\u00e9 avec le RGPD.<br \/>Nous collectons uniquement des donn\u00e9es \u00e0 caract\u00e8re personnel ad\u00e9quates, pertinentes et limit\u00e9es \u00e0 ce qui est n\u00e9cessaire au regard des finalit\u00e9s pour lesquelles elles sont trait\u00e9es. Ainsi, il ne vous sera jamais demand\u00e9 de renseigner des donn\u00e9es \u00e0 caract\u00e8re personnel consid\u00e9r\u00e9es comme \u00ab sensibles \u00bb, telles que vos origines raciales ou ethniques, vos opinions politiques, philosophiques ou religieuses.<br \/>En vous enregistrant sur le Site, vous nous autorisez \u00e0 traiter vos donn\u00e9es \u00e0 caract\u00e8re personnel conform\u00e9ment \u00e0 la Charte. Si vous refusez les termes de cette Charte, veuillez vous abstenir d\u2019utiliser le Site ainsi que les Services.<br \/><strong><\/strong><\/p>\n<p><strong>Qui suis-je ?<\/strong><br \/>L\u2019adresse de notre site Web est : <a href=\"https:\/\/aa-house.ch\/en\/\">www.aa-house.ch<\/a> et <a href=\"http:\/\/www.aa-house.com\">www.aa-house.com<\/a>\u00a0<br \/>Julie Wittgenstein<br \/><span>N\u00b0 registre commerce:\u00a0CH-660.1.775.019-4<\/span><br \/><span>Avenue Rosemont 2, 1208 Gen\u00e8ve<\/span><br \/>info@aa-house.ch<\/p>\n<p><strong>Propri\u00e9t\u00e9 intellectuelle<\/strong><br \/>Tous les contenus pr\u00e9sents, tels que les textes, graphiques, logos, images, photographies, vid\u00e9os pr\u00e9sents sur ce site sont, sauf mention contraire, la propri\u00e9t\u00e9 de <span>Julie Wittgenstein<\/span>.<\/p>\n<p>H\u00e9bergeur : Hostinger<\/p>\n<p><strong>Dans quels cas collectons-nous vos donn\u00e9es \u00e0 caract\u00e8re personnel et quelles donn\u00e9es sont collect\u00e9es ?<\/strong><br \/>Nous sommes susceptibles de recueillir et de conserver vos donn\u00e9es \u00e0 caract\u00e8re personnel, notamment lorsque vous :<br \/>\u25cf naviguez sur le Site<br \/>\u25cf nous contactez.<br \/>Nous utilisons vos donn\u00e9es \u00e0 caract\u00e8re personnel pour permettre la mise en \u0153uvre et la gestion des Services du Site et r\u00e9pondre \u00e0 vos demandes sp\u00e9cifiques. Nous utilisons \u00e9galement vos donn\u00e9es \u00e0 caract\u00e8re personnel dans le but d\u2019exploiter et d\u2019am\u00e9liorer nos Services, notre Site et notre d\u00e9marche. Ces informations sont utilis\u00e9es uniquement par nos soins et nous permettent de mieux adapter nos Services \u00e0 vos attentes.<\/p>\n<p><strong>Navigation sur le Site<br \/>Donn\u00e9es de connexion.<\/strong><br \/>\u00c0 chaque fois que vous vous connectez \u00e0 notre Site, nous recueillons des donn\u00e9es \u00e0 caract\u00e8re personnel telles que, notamment, votre adresse IP et l\u2019adresse MAC de votre ordinateur, la date et l\u2019heure de connexion, ainsi que des informations sur le navigateur que vous utilisez.<br \/><strong>Donn\u00e9es de navigation<\/strong>.<br \/>Nous recueillons \u00e9galement les informations permettant d\u2019identifier de quelle fa\u00e7on vous acc\u00e9dez au Site, quelles sont les pages consult\u00e9es et pendant combien de temps. Dans ce cadre, nous pouvons avoir recours \u00e0 l\u2019utilisation de Cookies tel que pr\u00e9cis\u00e9 au paragraphe 6 ci-dessous.<br \/><strong>Contacts<\/strong><br \/>Afin de donner suite aux demandes que vous pourriez effectuer aupr\u00e8s de notre Service Client et de confirmer les informations vous concernant, nous pourrons utiliser vos nom, pr\u00e9nom, adresse de courrier \u00e9lectronique et num\u00e9ro de t\u00e9l\u00e9phone.<\/p>\n<p><strong>Comment prot\u00e9geons-nous vos donn\u00e9es \u00e0 caract\u00e8re personnel ?<\/strong><br \/>Nous avons mis en place des mesures de s\u00e9curit\u00e9 techniques et organisationnelles en vue de garantir la s\u00e9curit\u00e9, l\u2019int\u00e9grit\u00e9 et la confidentialit\u00e9 de toutes vos donn\u00e9es \u00e0 caract\u00e8re personnel, afin d\u2019emp\u00eacher que celles-ci soient d\u00e9form\u00e9es, endommag\u00e9es ou que des tiers non autoris\u00e9s y aient acc\u00e8s. Nous assurons un niveau de s\u00e9curit\u00e9 appropri\u00e9, compte tenu de l\u2019\u00e9tat des connaissances, des co\u00fbts de mise en \u0153uvre et de la nature, de la port\u00e9e, du contexte et des finalit\u00e9s du traitement ainsi que des risques et de leur probabilit\u00e9.<br \/>Toutefois, il est pr\u00e9cis\u00e9 qu\u2019aucune mesure de s\u00e9curit\u00e9 n\u2019\u00e9tant infaillible, nous ne sommes pas en mesure de garantir une s\u00e9curit\u00e9 absolue \u00e0 vos donn\u00e9es \u00e0 caract\u00e8re personnel.<\/p>\n<p><span><strong>Dans quels cas partageons-nous vos donn\u00e9es \u00e0 caract\u00e8re personnel ?<\/strong><\/span><br \/><strong>Partage de vos donn\u00e9es personnelles avec des soci\u00e9t\u00e9s tierces<\/strong><br \/>Lors de votre navigation sur le Site, vos donn\u00e9es \u00e0 caract\u00e8re personnel peuvent \u00eatre transmises \u00e0 des prestataires ext\u00e9rieurs. Ces tiers assurent un service pour notre compte et en notre nom dans le but de permettre le bon fonctionnement des paiements par carte de cr\u00e9dit et autres Services.<br \/>Sauf dans le cas o\u00f9 un tiers vous demande d\u2019accepter une charte de confidentialit\u00e9 et des conditions d\u2019utilisations qui lui sont propres, les soci\u00e9t\u00e9s tierces ayant re\u00e7u communication de vos donn\u00e9es \u00e0 caract\u00e8re personnel se sont engag\u00e9es \u00e0 traiter vos donn\u00e9es \u00e0 caract\u00e8re personnel uniquement pour la mise en \u0153uvre de nos Services.<br \/>Nous ne partagerons jamais, sans avoir obtenu votre consentement pr\u00e9alable, vos donn\u00e9es \u00e0 caract\u00e8re personnel avec des soci\u00e9t\u00e9s tierces \u00e0 des fins marketings et\/ou commerciales.<br \/><strong>Partage avec les autorit\u00e9s<\/strong><br \/>Nous pouvons \u00eatre amen\u00e9s \u00e0 divulguer vos donn\u00e9es \u00e0 caract\u00e8re personnel aux autorit\u00e9s administrative ou judiciaire lorsque leur divulgation est n\u00e9cessaire \u00e0 l\u2019identification, l\u2019interpellation ou la poursuite en justice de tout individu susceptible de porter pr\u00e9judice \u00e0 nos droits, de tout autre utilisateur ou d\u2019un tiers. Nous pouvons enfin \u00eatre l\u00e9galement tenu de divulguer vos donn\u00e9es \u00e0 caract\u00e8re personnel et ne pouvons dans ce cas nous y opposer.<\/p>\n<p><strong>Cookies<\/strong><br \/>Un cookie est un fichier texte susceptible d\u2019\u00eatre d\u00e9pos\u00e9 dans un terminal lors de laconsultation d\u2019un service en ligne avec un logiciel de navigation. Un fichier cookie permet notamment \u00e0 son \u00e9metteur, pendant sa dur\u00e9e de validit\u00e9, de reconna\u00eetre le terminal concern\u00e9 \u00e0 chaque fois que ce terminal acc\u00e8de \u00e0 un contenu num\u00e9rique comportant des cookies du m\u00eame \u00e9metteur.<br \/>En tout \u00e9tat de cause, les cookies d\u00e9pos\u00e9s sur votre terminal de navigation avec votre accord sont d\u00e9truits 13 mois apr\u00e8s leur d\u00e9p\u00f4t sur votre terminal.<br \/><strong>A quoi servent les cookies \u00e9mis sur notre Site ?<\/strong><br \/>Les cookies que nous \u00e9mettons nous permettent :<br \/>\u25cf d\u2019\u00e9tablir des statistiques et volumes de fr\u00e9quentation et d\u2019utilisation des divers \u00e9l\u00e9ments composant notre Site (rubriques et contenus visit\u00e9s, parcours), nous permettant d\u2019am\u00e9liorer l\u2019int\u00e9r\u00eat et l\u2019ergonomie du Site et, le cas \u00e9ch\u00e9ant, de nos produits et services;<br \/>\u25cf d\u2019adapter la pr\u00e9sentation de notre Site aux pr\u00e9f\u00e9rences d\u2019affichage de votre terminal (langue utilis\u00e9e, r\u00e9solution d\u2019affichage, syst\u00e8me d\u2019exploitation utilis\u00e9, etc.) lors de vos visites sur notre Site, selon les mat\u00e9riels et les logiciels de visualisation ou de lecture que votre terminal comporte.<br \/>Lors de votre navigation sur le Site, des cookies des r\u00e9seaux sociaux peuvent \u00eatre g\u00e9n\u00e9r\u00e9s notamment par l\u2019interm\u00e9diaire des boutons de partage qui collectent des donn\u00e9es \u00e0 caract\u00e8re personnel.<br \/>Lors de votre premi\u00e8re visite sur le Site, un bandeau cookies appara\u00eetra en page d\u2019accueil. Un lien cliquable permet d\u2019en savoir plus sur la finalit\u00e9 et le fonctionnement des cookies et renvoie vers la pr\u00e9sente Charte. La poursuite de la navigation sur une autre page du site ou la s\u00e9lection d\u2019un \u00e9l\u00e9ment du Site (notamment : image, texte, lien, etc.) mat\u00e9rialise votre acceptation au d\u00e9p\u00f4t des cookies vis\u00e9s sur votre ordinateur.<br \/>Si vous vous rendez sur la page de connexion, un cookie temporaire sera cr\u00e9\u00e9 afin de d\u00e9terminer si votre navigateur accepte les cookies. Il ne contient pas de donn\u00e9es personnelles et sera supprim\u00e9 automatiquement \u00e0 la fermeture de votre navigateur.<br \/>Lorsque vous vous connecterez, nous mettrons en place un certain nombre de cookies pour enregistrer vos informations de connexion et vos pr\u00e9f\u00e9rences d\u2019\u00e9cran. La dur\u00e9e de vie d\u2019un cookie de connexion est de deux jours, celle d\u2019un cookie d\u2019option d\u2019\u00e9cran est d\u2019un an. Si vous cochez \u00ab Se souvenir de moi \u00bb, votre cookie de connexion sera conserv\u00e9 pendant deux semaines. Si vous vous d\u00e9connectez de votre compte, le cookie de connexion sera effac\u00e9.<br \/>En modifiant ou en publiant une publication, un cookie suppl\u00e9mentaire sera enregistr\u00e9 dans votre navigateur. Ce cookie ne comprend aucune donn\u00e9e personnelle. Il indique simplement l\u2019ID de la publication que vous venez de modifier. Il expire au bout d\u2019un jour.<br \/><strong>Comment pouvez-vous contr\u00f4ler les cookies utilis\u00e9s ?<\/strong><br \/>Conform\u00e9ment \u00e0 la r\u00e9glementation applicable, vous pouvez refuser l\u2019utilisation des cookies qui ne sont pas strictement n\u00e9cessaires.<br \/>Par ailleurs, vous pouvez \u00e0 tout moment configurer votre logiciel de navigation de mani\u00e8re \u00e0 ce que des cookies soient enregistr\u00e9s dans votre terminal ou, au contraire, qu\u2019ils soient rejet\u00e9s (soit syst\u00e9matiquement, soit selon leur \u00e9metteur). Vous pouvez \u00e9galement configurer votre logiciel de navigation de mani\u00e8re \u00e0 ce que l\u2019acceptation ou le refus des cookies vous soit propos\u00e9 ponctuellement, avant qu\u2019un cookie puisse \u00eatre enregistr\u00e9 dans votre terminal.<br \/>Attention : tout param\u00e9trage est susceptible de modifier votre navigation sur Internet et vos conditions d\u2019acc\u00e8s \u00e0 certains services n\u00e9cessitant l\u2019utilisation de cookies. Nous d\u00e9clinons toute responsabilit\u00e9 s\u2019agissant des cons\u00e9quences li\u00e9es au fonctionnement d\u00e9grad\u00e9 de nos services r\u00e9sultant de l\u2019impossibilit\u00e9 d\u2019enregistrer ou de consulter les cookies n\u00e9cessaires \u00e0 leur fonctionnement et que vous auriez refus\u00e9s ou supprim\u00e9s.<br \/>Tel serait le cas si vous tentiez d\u2019acc\u00e9der \u00e0 nos contenus ou services qui n\u00e9cessitent de vous identifier. Tel serait \u00e9galement le cas lorsque nous (ou nos prestataires) ne pourrions pas reconna\u00eetre, \u00e0 des fins de compatibilit\u00e9 technique, le type de navigateur utilis\u00e9 par votre terminal, ses param\u00e8tres de langue et d\u2019affichage ou le pays depuis lequel votre terminal semble connect\u00e9 \u00e0 Internet.<br \/><strong>Comment configurer votre logiciel de navigation ?<\/strong><br \/>Pour la gestion des cookies et de vos choix, la configuration de chaque navigateur est diff\u00e9rente. Elle est d\u00e9crite dans le menu d\u2019aide de votre navigateur, qui vous permettra de savoir de quelle mani\u00e8re modifier vos souhaits en mati\u00e8re de cookies. Vous trouverez ci-dessous des informations concernant les principaux navigateurs.<br \/><strong>Internet Explorer \/ Edge<\/strong><br \/>Dans Internet Explorer, cliquez sur le bouton Outils, puis sur Options Internet.<br \/>Sous l\u2019onglet G\u00e9n\u00e9ral, sous Historique de navigation, cliquez sur Param\u00e8tres.<br \/>Cliquez sur le bouton Afficher les fichiers.<br \/><strong>Firefox<\/strong><br \/>\u25cf Allez dans l\u2019onglet Outils du navigateur puis s\u00e9lectionnez le menu Options<br \/>\u25cf Dans la fen\u00eatre qui s\u2019affiche, choisissez Vie priv\u00e9e et cliquez sur Affichez les cookies<br \/><strong>Safari<\/strong><br \/>\u25cf Acc\u00e9dez aux Param\u00e8tres via le menu du navigateur (Safari &gt; Pr\u00e9f\u00e9rences)<br \/>\u25cf Cliquez sur Confidentialit\u00e9.<br \/><strong>Google Chrome<\/strong><br \/>\u25cf Acc\u00e9dez aux Param\u00e8tres via le bouton \u00e0 droite de la barre d\u2019URL ou via le menu du navigateur (Chrome &gt; Pr\u00e9f\u00e9rences).<br \/>\u25cf S\u00e9lectionnez Param\u00e8tres Avanc\u00e9es<br \/>\u25cf Cliquez sur Param\u00e8tres du contenu puis sur Cookies.<\/p>\n<p>Pour obtenir plus d\u2019informations sur les cookies, vous pouvez consulter le site internetde la CNIL.<br \/>Plus de d\u00e9tails dans la section \u00ab Politique de cookies \u00bb<br \/><strong>Contenu embarqu\u00e9 depuis d\u2019autres sites<\/strong><br \/>Les articles de ce site peuvent inclure des contenus int\u00e9gr\u00e9s (par exemple des vid\u00e9os, images, articles\u2026). Le contenu int\u00e9gr\u00e9 depuis d\u2019autres sites se comporte de la m\u00eame mani\u00e8re que si le visiteur se rendait sur cet autre site.<br \/>Ces sites web pourraient collecter des donn\u00e9es sur vous, utiliser des cookies, embarquer des outils de suivis tiers, suivre vos interactions avec ces contenus embarqu\u00e9s si vous disposez d\u2019un compte connect\u00e9 sur leur site web.<br \/>Plus de d\u00e9tails dans la section \u00ab Politique de cookies \u00bb<br \/><strong>Utilisation et transmission de vos donn\u00e9es<\/strong><span>\u00a0<\/span><strong>personnelles<\/strong><br \/>Si vous compl\u00e9ter le formulaire de contact, votre nom, num\u00e9ro de t\u00e9l\u00e9phone et email nous seront transmis.<br \/><strong>Dur\u00e9es de stockage de vos donn\u00e9es<\/strong><br \/>Pour les personnes nous envoyant un contact dans le formulaire, nous conservons leur coordonn\u00e9es ind\u00e9finiment. Vous pouvez \u00e0 tout moment nous demander de supprimer ces informations.<br \/>Si vous laissez un commentaire, le commentaire et ses m\u00e9tadonn\u00e9es sont conserv\u00e9s ind\u00e9finiment. Cela permet de reconna\u00eetre et d\u2019approuver automatiquement les commentaires suivants au lieu de les laisser dans la file de mod\u00e9ration.<br \/><strong>Les droits que vous avez sur vos donn\u00e9es<\/strong><br \/>Si vous avez laiss\u00e9 des informations sur le site, vous pouvez demander \u00e0 recevoir un fichier contenant toutes les donn\u00e9es personnelles que nous poss\u00e9dons \u00e0 votre sujet, incluant celles que vous nous avez fournies. Vous pouvez \u00e9galement demander la suppression des donn\u00e9es personnelles vous concernant. Cela ne prend pas en compte les donn\u00e9es stock\u00e9es \u00e0 des fins administratives, l\u00e9gales ou pour des raisons de s\u00e9curit\u00e9.<\/p>\n<\/div><\/div>\n<\/div>\n<\/div>\n<\/div>","protected":false},"excerpt":{"rendered":"","protected":false},"author":1,"featured_media":0,"parent":0,"menu_order":0,"comment_status":"closed","ping_status":"closed","template":"","meta":{"footnotes":""},"dipi_cpt_category":[],"class_list":["post-3","page","type-page","status-publish","hentry"],"yoast_head":"<!-- This site is optimized with the Yoast SEO plugin v27.3 - https:\/\/yoast.com\/product\/yoast-seo-wordpress\/ -->\n<title>Politique de confidentialit\u00e9 - A.A House Management<\/title>\n<meta name=\"robots\" content=\"noindex, nofollow\" \/>\n<meta property=\"og:locale\" content=\"en_US\" \/>\n<meta property=\"og:type\" content=\"article\" \/>\n<meta property=\"og:title\" content=\"Politique de confidentialit\u00e9 - A.A House Management\" \/>\n<meta property=\"og:url\" content=\"https:\/\/aa-house.ch\/en\/politique-de-confidentialite\/\" \/>\n<meta property=\"og:site_name\" content=\"A.A House Management\" \/>\n<meta property=\"article:modified_time\" content=\"2026-04-07T13:26:09+00:00\" \/>\n<meta name=\"twitter:card\" content=\"summary_large_image\" \/>\n<script type=\"application\/ld+json\" class=\"yoast-schema-graph\">{\"@context\":\"https:\\\/\\\/schema.org\",\"@graph\":[{\"@type\":\"WebPage\",\"@id\":\"https:\\\/\\\/aa-house.ch\\\/politique-de-confidentialite\\\/\",\"url\":\"https:\\\/\\\/aa-house.ch\\\/politique-de-confidentialite\\\/\",\"name\":\"Politique de confidentialit\u00e9 - A.A House Management\",\"isPartOf\":{\"@id\":\"https:\\\/\\\/aa-house.ch\\\/#website\"},\"datePublished\":\"2026-03-18T10:20:06+00:00\",\"dateModified\":\"2026-04-07T13:26:09+00:00\",\"breadcrumb\":{\"@id\":\"https:\\\/\\\/aa-house.ch\\\/politique-de-confidentialite\\\/#breadcrumb\"},\"inLanguage\":\"en-US\",\"potentialAction\":[{\"@type\":\"ReadAction\",\"target\":[\"https:\\\/\\\/aa-house.ch\\\/politique-de-confidentialite\\\/\"]}]},{\"@type\":\"BreadcrumbList\",\"@id\":\"https:\\\/\\\/aa-house.ch\\\/politique-de-confidentialite\\\/#breadcrumb\",\"itemListElement\":[{\"@type\":\"ListItem\",\"position\":1,\"name\":\"Home\",\"item\":\"https:\\\/\\\/aa-house.ch\\\/\"},{\"@type\":\"ListItem\",\"position\":2,\"name\":\"Politique de confidentialit\u00e9\"}]},{\"@type\":\"WebSite\",\"@id\":\"https:\\\/\\\/aa-house.ch\\\/#website\",\"url\":\"https:\\\/\\\/aa-house.ch\\\/\",\"name\":\"A.A House Management\",\"description\":\"\",\"publisher\":{\"@id\":\"https:\\\/\\\/aa-house.ch\\\/#organization\"},\"potentialAction\":[{\"@type\":\"SearchAction\",\"target\":{\"@type\":\"EntryPoint\",\"urlTemplate\":\"https:\\\/\\\/aa-house.ch\\\/?s={search_term_string}\"},\"query-input\":{\"@type\":\"PropertyValueSpecification\",\"valueRequired\":true,\"valueName\":\"search_term_string\"}}],\"inLanguage\":\"en-US\"},{\"@type\":\"Organization\",\"@id\":\"https:\\\/\\\/aa-house.ch\\\/#organization\",\"name\":\"A.A House Management\",\"url\":\"https:\\\/\\\/aa-house.ch\\\/\",\"logo\":{\"@type\":\"ImageObject\",\"inLanguage\":\"en-US\",\"@id\":\"https:\\\/\\\/aa-house.ch\\\/#\\\/schema\\\/logo\\\/image\\\/\",\"url\":\"https:\\\/\\\/aa-house.ch\\\/wp-content\\\/uploads\\\/2026\\\/03\\\/LOGO_Orange__AAHouseManagement-1.png\",\"contentUrl\":\"https:\\\/\\\/aa-house.ch\\\/wp-content\\\/uploads\\\/2026\\\/03\\\/LOGO_Orange__AAHouseManagement-1.png\",\"width\":500,\"height\":151,\"caption\":\"A.A House Management\"},\"image\":{\"@id\":\"https:\\\/\\\/aa-house.ch\\\/#\\\/schema\\\/logo\\\/image\\\/\"}}]}<\/script>\n<!-- \/ Yoast SEO plugin. -->","yoast_head_json":{"title":"Politique de confidentialit\u00e9 - A.A House Management","robots":{"index":"noindex","follow":"nofollow"},"og_locale":"en_US","og_type":"article","og_title":"Politique de confidentialit\u00e9 - A.A House Management","og_url":"https:\/\/aa-house.ch\/en\/politique-de-confidentialite\/","og_site_name":"A.A House Management","article_modified_time":"2026-04-07T13:26:09+00:00","twitter_card":"summary_large_image","schema":{"@context":"https:\/\/schema.org","@graph":[{"@type":"WebPage","@id":"https:\/\/aa-house.ch\/politique-de-confidentialite\/","url":"https:\/\/aa-house.ch\/politique-de-confidentialite\/","name":"Politique de confidentialit\u00e9 - A.A House Management","isPartOf":{"@id":"https:\/\/aa-house.ch\/#website"},"datePublished":"2026-03-18T10:20:06+00:00","dateModified":"2026-04-07T13:26:09+00:00","breadcrumb":{"@id":"https:\/\/aa-house.ch\/politique-de-confidentialite\/#breadcrumb"},"inLanguage":"en-US","potentialAction":[{"@type":"ReadAction","target":["https:\/\/aa-house.ch\/politique-de-confidentialite\/"]}]},{"@type":"BreadcrumbList","@id":"https:\/\/aa-house.ch\/politique-de-confidentialite\/#breadcrumb","itemListElement":[{"@type":"ListItem","position":1,"name":"Home","item":"https:\/\/aa-house.ch\/"},{"@type":"ListItem","position":2,"name":"Politique de confidentialit\u00e9"}]},{"@type":"WebSite","@id":"https:\/\/aa-house.ch\/#website","url":"https:\/\/aa-house.ch\/","name":"A.A House Management","description":"","publisher":{"@id":"https:\/\/aa-house.ch\/#organization"},"potentialAction":[{"@type":"SearchAction","target":{"@type":"EntryPoint","urlTemplate":"https:\/\/aa-house.ch\/?s={search_term_string}"},"query-input":{"@type":"PropertyValueSpecification","valueRequired":true,"valueName":"search_term_string"}}],"inLanguage":"en-US"},{"@type":"Organization","@id":"https:\/\/aa-house.ch\/#organization","name":"A.A House Management","url":"https:\/\/aa-house.ch\/","logo":{"@type":"ImageObject","inLanguage":"en-US","@id":"https:\/\/aa-house.ch\/#\/schema\/logo\/image\/","url":"https:\/\/aa-house.ch\/wp-content\/uploads\/2026\/03\/LOGO_Orange__AAHouseManagement-1.png","contentUrl":"https:\/\/aa-house.ch\/wp-content\/uploads\/2026\/03\/LOGO_Orange__AAHouseManagement-1.png","width":500,"height":151,"caption":"A.A House Management"},"image":{"@id":"https:\/\/aa-house.ch\/#\/schema\/logo\/image\/"}}]}},"_links":{"self":[{"href":"https:\/\/aa-house.ch\/en\/wp-json\/wp\/v2\/pages\/3","targetHints":{"allow":["GET"]}}],"collection":[{"href":"https:\/\/aa-house.ch\/en\/wp-json\/wp\/v2\/pages"}],"about":[{"href":"https:\/\/aa-house.ch\/en\/wp-json\/wp\/v2\/types\/page"}],"author":[{"embeddable":true,"href":"https:\/\/aa-house.ch\/en\/wp-json\/wp\/v2\/users\/1"}],"replies":[{"embeddable":true,"href":"https:\/\/aa-house.ch\/en\/wp-json\/wp\/v2\/comments?post=3"}],"version-history":[{"count":3,"href":"https:\/\/aa-house.ch\/en\/wp-json\/wp\/v2\/pages\/3\/revisions"}],"predecessor-version":[{"id":433,"href":"https:\/\/aa-house.ch\/en\/wp-json\/wp\/v2\/pages\/3\/revisions\/433"}],"wp:attachment":[{"href":"https:\/\/aa-house.ch\/en\/wp-json\/wp\/v2\/media?parent=3"}],"wp:term":[{"taxonomy":"dipi_cpt_category","embeddable":true,"href":"https:\/\/aa-house.ch\/en\/wp-json\/wp\/v2\/dipi_cpt_category?post=3"}],"curies":[{"name":"wp","href":"https:\/\/api.w.org\/{rel}","templated":true}]}}