{"id":26,"date":"2026-03-19T07:02:41","date_gmt":"2026-03-19T07:02:41","guid":{"rendered":"https:\/\/aa-house.ch\/?page_id=26"},"modified":"2026-04-07T13:26:38","modified_gmt":"2026-04-07T13:26:38","slug":"mentions-legales","status":"publish","type":"page","link":"https:\/\/aa-house.ch\/en\/mentions-legales\/","title":{"rendered":"Legal Notices"},"content":{"rendered":"<div class=\"et_pb_section_0 et_pb_section et_section_regular et_block_section\">\n<div class=\"et_pb_row_0 et_pb_row et_block_row\">\n<div class=\"et_pb_column_0 et_pb_column et_pb_column_4_4 et-last-child et_block_column et_pb_css_mix_blend_mode_passthrough\">\n<div class=\"et_pb_text_0 et_pb_text et_pb_bg_layout_light et_pb_module et_block_module\"><div class=\"et_pb_text_inner\"><h1><span><strong>MENTIONS L\u00c9GALES<\/strong><\/span><\/h1>\n<p><strong><\/strong><\/p>\n<p><strong><\/strong><\/p>\n<p><strong>PRESENTATION DU SITE<\/strong><\/p>\n<p><span>En vertu de l\u2019article 6 de la loi n\u00b0 2004-575 du 21 juin 2004 pour la confiance dans l\u2019\u00e9conomie<\/span><\/p>\n<p><span>num\u00e9rique, les diff\u00e9rents intervenants du site dans le cadre de sa r\u00e9alisation et de son suivi :<\/span><\/p>\n<p><span>* Propri\u00e9taires : Julie Wittgenstein, <\/span>N\u00b0 registre commerce:\u00a0CH-660.1.775.019-4<\/p>\n<p><span>La propri\u00e9taire du site internet est joignable \u00e0 cette adresse : info@aa-house.ch<a href=\"mailto:charlottemichelcoaching@gmail.com\" target=\"_blank\" rel=\"noopener\"><\/a><\/span><\/p>\n<p><span>* Adresse : Avenue Rosemont 2, 1208 Gen\u00e8ve<\/span><\/p>\n<p><span>* Cr\u00e9ateur du site : St\u00e9phanie Faucheur<\/span><\/p>\n<p><span>* Responsable publication : Julie Wittgenstein<\/span><\/p>\n<p><span>* Webmaster : Stephanie \u2013 studiowebparis@gmail.com<\/span><\/p>\n<p><span>* H\u00e9bergeur : Hostinger International Ltd. 61 Rue Lordou Vironos, 6023<\/span><\/p>\n<p><span>Ces mentions l\u00e9gales sont offertes par Le G\u00e9n\u00e9rateur de Mentions L\u00e9gales du Site Fran\u00e7ais [1]<\/span><\/p>\n<p><strong>CONDITIONS D\u2019UTILISATION<\/strong><\/p>\n<p>L\u2019utilisation du site implique l\u2019acceptation pleine et enti\u00e8re des conditions g\u00e9n\u00e9rales d'utilisation ci-apr\u00e8s d\u00e9crites. Ces conditions d'utilisations sont susceptibles d'\u00eatre modifi\u00e9es ou compl\u00e9t\u00e9es \u00e0 tout moment, les utilisateurs du site sont donc invit\u00e9s \u00e0 les consulter de mani\u00e8re r\u00e9guli\u00e8re.<\/p>\n<p><span>Le site est mis \u00e0 jour r\u00e9guli\u00e8rement parJulie Wittgenstein. De la m\u00eame <\/span><span>fa\u00e7on, les mentions l\u00e9gales peuvent \u00eatre modifi\u00e9es \u00e0 tout moment : elles s\u2019imposent n\u00e9anmoins \u00e0 l\u2019utilisateur qui est invit\u00e9 \u00e0 s\u2019y r\u00e9f\u00e9rer le plus souvent possible afin d\u2019en prendre connaissance.<\/span><\/p>\n<p><strong>SERVICES FOURNIS<\/strong><\/p>\n<p><span>Julie Wittgenstein s\u2019efforce de fournir sur le site des informations aussi pr\u00e9cises que possible.<\/span><\/p>\n<p><span>Toutefois, elle ne pourra \u00eatre tenue responsable des omissions, des inexactitudes et des <\/span><span>carences dans la mise \u00e0 jour, qu\u2019elles soient de son fait ou du fait des tiers partenaires qui leur <\/span><span>fournissent ces informations.<\/span><\/p>\n<p><span>Toutes les informations indiqu\u00e9es sur le site <a href=\"http:\/\/www.aa-house.ch\">www.aa-house.ch<\/a> et <a href=\"http:\/\/www.aa-house.com\">www.aa-house.com<\/a> sont donn\u00e9es \u00e0 titre indicatif et sont susceptibles de changer ou d\u2019\u00e9voluer sans pr\u00e9avis.<\/span><\/p>\n<p><span>Si vous constatez une lacune, erreur ou ce qui para\u00eet \u00eatre un dysfonctionnement, merci de bien\u00a0<\/span><span>vouloir le signaler par email, \u00e0 l\u2019adresse\u00a0 info@aa-house.ch en d\u00e9crivant le probl\u00e8me de la <\/span><span>mani\u00e8re la plus pr\u00e9cise possible (vous vous trouvez sur un t\u00e9l\u00e9phone, une tablette ou bien un\u00a0<\/span><span>ordinateur ; nom de la page qui pose probl\u00e8me, type de syst\u00e8me d\u2019exploitation, navigateur\u00a0<\/span><span>utilis\u00e9,\u2026).<\/span><\/p>\n<p><span>Julie Wittgenstein n'est en aucun cas responsable de l\u2019utilisation faite de ces informations et de tout pr\u00e9judice direct ou indirect pouvant en d\u00e9couler.<\/span><\/p>\n<p><strong>PROPRIETE INTELLECTUELLE ET CONTREFA\u00c7ONS<\/strong><\/p>\n<p><span>Julie Wittgenstein est la propri\u00e9taire des droits de propri\u00e9t\u00e9 intellectuelle ou d\u00e9tient les droits d\u2019usage sur tous les \u00e9l\u00e9ments accessibles sur le site, notamment les textes, images, graphismes, logo, ic\u00f4nes, sons, logiciels.<\/span><\/p>\n<p><span>Toute reproduction, repr\u00e9sentation, modification, publication, distribution, retransmission, adaptation de tout ou partie des \u00e9l\u00e9ments du site, quel que soit le moyen ou le proc\u00e9d\u00e9 utilis\u00e9, est interdite, sauf autorisation \u00e9crite pr\u00e9alable de www.aa-house.ch<\/span><\/p>\n<p><span>Toute exploitation non autoris\u00e9e du site ou de l\u2019un quelconque des \u00e9l\u00e9ments qu\u2019il contient, par <\/span><span>quelque proc\u00e9d\u00e9 que ce soit, sera consid\u00e9r\u00e9e comme constitutive d\u2019une contrefa\u00e7on et poursuivie.<\/span><\/p>\n<p><strong>LIMITATIONS DE RESPONSABILITES<\/strong><\/p>\n<p><span>L\u2019utilisateur du site s\u2019engage \u00e0 acc\u00e9der au site en utilisant un mat\u00e9riel r\u00e9cent, ne contenant pas de virus et avec un navigateur de derni\u00e8re g\u00e9n\u00e9ration mis-\u00e0-jour.<\/span><\/p>\n<p><span>Julie Wittgenstein ne pourra \u00eatre tenue responsable des dommages directs et indirects caus\u00e9s au mat\u00e9riel de l\u2019utilisateur, lors de l\u2019acc\u00e8s au site <a href=\"http:\/\/www.aa-house.com\">www.aa-house.com<\/a> ou <a href=\"http:\/\/www.aa-house.com\">www.aa-house.com<\/a> , et r\u00e9sultant soit de l\u2019utilisation d\u2019un mat\u00e9riel ne r\u00e9pondant pas aux sp\u00e9cifications indiqu\u00e9es ci-dessus, soit de l\u2019apparition d\u2019un bug ou d\u2019une incompatibilit\u00e9.<\/span><\/p>\n<p><span>Julie Wittgenstein ne pourra \u00e9galement \u00eatre tenue responsable des <\/span><span>dommages indirects (tels par exemple qu\u2019une perte de march\u00e9 ou perte d\u2019une chance) cons\u00e9cutifs \u00e0 l\u2019utilisation du site <a href=\"http:\/\/www.aa-house.ch\">www.aa-house.ch<\/a> ou <a href=\"http:\/\/www.aa-house.com\">www.aa-house.com<\/a>\u00a0<\/span><\/p>\n<p><span>Des espaces interactifs (possibilit\u00e9 de poser des questions dans l\u2019espace contact) sont \u00e0 la\u00a0<\/span><span>disposition des utilisateurs. Julie Wittgenstein se r\u00e9serve le droit de <\/span><span>supprimer, sans mise en demeure pr\u00e9alable, tout contenu d\u00e9pos\u00e9 dans cet espace qui\u00a0<\/span><span>contreviendrait \u00e0 la l\u00e9gislation applicable en France, en particulier aux dispositions relatives \u00e0 la\u00a0<\/span><span>protection des donn\u00e9es.<\/span><\/p>\n<p><span>Le cas \u00e9ch\u00e9ant, Julie Wittgenstein se r\u00e9serve aussi la possibilit\u00e9 de <\/span><span>mettre en cause la responsabilit\u00e9 civile et\/ou p\u00e9nale de l\u2019utilisateur, notamment en cas de message \u00e0 caract\u00e8re diffamant, raciste, injurieux ou pornographique, quel que soit le support utilis\u00e9 (texte, vid\u00e9o, photographie\u2026).<\/span><\/p>\n<p><strong>GESTION DES DONN\u00c9ES PERSONNELLES<\/strong><\/p>\n<p><span>A l\u2019occasion de l\u2019utilisation du site <a href=\"http:\/\/www.aa-house.ch\">www.aa-house.ch<\/a> ou <a href=\"http:\/\/www.aa-house.com\">www.aa-house.com<\/a> , des donn\u00e9es peuvent \u00eatre recueillies : l\u2019URL des liens par l\u2019interm\u00e9diaire desquels l\u2019utilisateur a acc\u00e9d\u00e9 \u00e0 ce site, le fournisseur d\u2019acc\u00e8s de <\/span><span>l\u2019utilisateur, l\u2019adresse de protocole Internet (IP) de l\u2019utilisateur.<\/span><\/p>\n<p><span>En tout \u00e9tat de cause, Julie Wittgenstein ne collecte pas d\u2019informations personnelles relatives \u00e0 l\u2019utilisateur que pour le besoin de certains services propos\u00e9s par le site www.aa-house.ch. L\u2019utilisateur fournit ces informations en toute connaissance de cause, notamment lorsqu\u2019il proc\u00e8de par lui-m\u00eame \u00e0 leur saisie. Il est alors pr\u00e9cis\u00e9 \u00e0 l\u2019utilisateur du site <a href=\"http:\/\/www.aa-house.ch\">www.aa-house.ch<\/a> ou <a href=\"http:\/\/www.aa-house.com\">www.aa-house.com<\/a>\u00a0l\u2019obligation ou non de fournir ces informations.<\/span><\/p>\n<p><span>Aucune information personnelle de l\u2019utilisateur du site <a href=\"http:\/\/www.aa-house.com\">www.aa-house.com<\/a> ou <a href=\"http:\/\/www.aa-house.com\">www.aa-house.com<\/a> n\u2019est publi\u00e9e \u00e0 l\u2019insu de l\u2019utilisateur, \u00e9chang\u00e9e, transf\u00e9r\u00e9e, c\u00e9d\u00e9e ou vendue sur un support quelconque \u00e0 des tiers. Seule l\u2019hypoth\u00e8se du rachat de \"aa-house\" et\/ou des sites internet de ses droits permettrait la transmission des dites informations \u00e0 l\u2019\u00e9ventuel acqu\u00e9reur qui serait \u00e0 son tour tenu de la m\u00eame obligation de conservation et de modification des donn\u00e9es vis \u00e0 vis de l\u2019utilisateur du site.<\/span><\/p>\n<p><strong>LIENS HYPERTEXTES ET COOKIES<\/strong><\/p>\n<p><span>Les site <a href=\"http:\/\/www.aa-house.ch\">www.aa-house.ch<\/a> et <a href=\"http:\/\/www.aa-house.com\">www.aa-house.com<\/a> peuvent contenir un certain nombre de liens hypertextes vers d\u2019autres sites, mis en place avec l\u2019autorisation de Julie Wittgenstein.<\/span><\/p>\n<p><span>Cependant, elle n\u2019a pas la possibilit\u00e9 de v\u00e9rifier le contenu des sites ainsi visit\u00e9s, et n\u2019assumera en <\/span><span>cons\u00e9quence aucune responsabilit\u00e9 de ce fait.<\/span><\/p>\n<p><span>La navigation sur le site www.aa-house.ch est susceptible de provoquer l\u2019installation de cookie(s) sur l\u2019ordinateur de l\u2019utilisateur.<\/span><\/p>\n<p><span>Un cookie est un fichier de petite taille, qui ne permet pas l\u2019identification de l\u2019utilisateur, mais qui\u00a0<\/span><span>enregistre des informations relatives \u00e0 la navigation d\u2019un ordinateur sur un site. Les donn\u00e9es ainsi obtenues visent \u00e0 faciliter la navigation ult\u00e9rieure sur le site, et ont \u00e9galement vocation \u00e0 permettre diverses mesures de fr\u00e9quentation.<\/span><\/p>\n<p><span>Le refus d\u2019installation d\u2019un cookie peut entra\u00eener l\u2019impossibilit\u00e9 d\u2019acc\u00e9der \u00e0 certains services.<\/span><\/p>\n<p><span>L\u2019utilisateur peut toutefois configurer son ordinateur de la mani\u00e8re suivante, pour refuser l\u2019installation des cookies :<\/span><\/p>\n<p><span>* Sous Internet Explorer : onglet outil (pictogramme en forme de rouage en\u00a0<\/span><span>haut a droite) \/ options internet. Cliquez sur Confidentialit\u00e9 et choisissez Bloquer tous les cookies. Validez sur Ok.<\/span><\/p>\n<p><span>* Sous Firefox : en haut de la fen\u00eatre du navigateur, cliquez sur le bouton Firefox, puis aller dans l\u2019onglet Options. Cliquer sur l\u2019onglet Vie priv\u00e9e.<\/span><\/p>\n<p><span>* Param\u00e9trez les R\u00e8gles de conservation sur : utiliser les param\u00e8tres personnalis\u00e9s pour\u00a0<\/span><span>l\u2019historique. Enfin d\u00e9cochez-la pour d\u00e9sactiver les cookies.<\/span><\/p>\n<p><span>* Sous Safari : Cliquez en haut \u00e0 droite du navigateur sur le pictogramme de menu (symbolis\u00e9 par un rouage). S\u00e9lectionnez Param\u00e8tres. Cliquez sur Afficher les param\u00e8tres avanc\u00e9s. Dans la section \u00ab Confidentialit\u00e9 \u00bb, cliquez sur Param\u00e8tres de contenu. Dans la section \u00ab Cookies \u00bb, vous pouvez bloquer les cookies.<\/span><\/p>\n<p><span>* Sous Chrome : Cliquez en haut \u00e0 droite du navigateur sur le pictogramme de menu (symbolis\u00e9\u00a0<\/span><span>par trois lignes horizontales). S\u00e9lectionnez Param\u00e8tres. Cliquez sur Afficher les param\u00e8tres\u00a0<\/span><span>avanc\u00e9s. Dans la section \u00ab Confidentialit\u00e9 \u00bb, cliquez sur pr\u00e9f\u00e9rences. Dans l\u2019onglet \u00ab Confidentialit\u00e9 \u00bb, vous pouvez bloquer les cookies.<\/span><\/p>\n<p><span>Les liens hypertextes mis en place dans le cadre du pr\u00e9sent site internet en direction d\u2019autres\u00a0<\/span><span>ressources pr\u00e9sentes sur le r\u00e9seau Internet ne sauraient engager la responsabilit\u00e9 de Julie Wittgenstein<\/span><span>.<\/span><\/p>\n<p><span>Tout contenu t\u00e9l\u00e9charg\u00e9 se fait aux risques et p\u00e9rils de l\u2019utilisateur et sous sa seule responsabilit\u00e9.<\/span><\/p>\n<p><span>En cons\u00e9quence, Julie Wittgenstein ne saurait \u00eatre tenue responsable d\u2019un quelconque dommage subi par l\u2019ordinateur de l\u2019utilisateur ou d\u2019une quelconque perte de donn\u00e9es cons\u00e9cutives au t\u00e9l\u00e9chargement.<\/span><\/p>\n<\/div><\/div>\n<\/div>\n<\/div>\n<\/div>","protected":false},"excerpt":{"rendered":"","protected":false},"author":1,"featured_media":0,"parent":0,"menu_order":0,"comment_status":"closed","ping_status":"closed","template":"","meta":{"footnotes":""},"dipi_cpt_category":[],"class_list":["post-26","page","type-page","status-publish","hentry"],"yoast_head":"<!-- This site is optimized with the Yoast SEO plugin v27.3 - https:\/\/yoast.com\/product\/yoast-seo-wordpress\/ -->\n<title>Mentions L\u00e9gales - A.A House Management<\/title>\n<meta name=\"robots\" content=\"noindex, nofollow\" \/>\n<meta property=\"og:locale\" content=\"en_US\" \/>\n<meta property=\"og:type\" content=\"article\" \/>\n<meta property=\"og:title\" content=\"Mentions L\u00e9gales - A.A House Management\" \/>\n<meta property=\"og:url\" content=\"https:\/\/aa-house.ch\/en\/mentions-legales\/\" \/>\n<meta property=\"og:site_name\" content=\"A.A House Management\" \/>\n<meta property=\"article:modified_time\" content=\"2026-04-07T13:26:38+00:00\" \/>\n<meta name=\"twitter:card\" content=\"summary_large_image\" \/>\n<script type=\"application\/ld+json\" class=\"yoast-schema-graph\">{\"@context\":\"https:\\\/\\\/schema.org\",\"@graph\":[{\"@type\":\"WebPage\",\"@id\":\"https:\\\/\\\/aa-house.ch\\\/mentions-legales\\\/\",\"url\":\"https:\\\/\\\/aa-house.ch\\\/mentions-legales\\\/\",\"name\":\"Mentions L\u00e9gales - A.A House Management\",\"isPartOf\":{\"@id\":\"https:\\\/\\\/aa-house.ch\\\/#website\"},\"datePublished\":\"2026-03-19T07:02:41+00:00\",\"dateModified\":\"2026-04-07T13:26:38+00:00\",\"breadcrumb\":{\"@id\":\"https:\\\/\\\/aa-house.ch\\\/mentions-legales\\\/#breadcrumb\"},\"inLanguage\":\"en-US\",\"potentialAction\":[{\"@type\":\"ReadAction\",\"target\":[\"https:\\\/\\\/aa-house.ch\\\/mentions-legales\\\/\"]}]},{\"@type\":\"BreadcrumbList\",\"@id\":\"https:\\\/\\\/aa-house.ch\\\/mentions-legales\\\/#breadcrumb\",\"itemListElement\":[{\"@type\":\"ListItem\",\"position\":1,\"name\":\"Home\",\"item\":\"https:\\\/\\\/aa-house.ch\\\/\"},{\"@type\":\"ListItem\",\"position\":2,\"name\":\"Mentions L\u00e9gales\"}]},{\"@type\":\"WebSite\",\"@id\":\"https:\\\/\\\/aa-house.ch\\\/#website\",\"url\":\"https:\\\/\\\/aa-house.ch\\\/\",\"name\":\"A.A House Management\",\"description\":\"\",\"publisher\":{\"@id\":\"https:\\\/\\\/aa-house.ch\\\/#organization\"},\"potentialAction\":[{\"@type\":\"SearchAction\",\"target\":{\"@type\":\"EntryPoint\",\"urlTemplate\":\"https:\\\/\\\/aa-house.ch\\\/?s={search_term_string}\"},\"query-input\":{\"@type\":\"PropertyValueSpecification\",\"valueRequired\":true,\"valueName\":\"search_term_string\"}}],\"inLanguage\":\"en-US\"},{\"@type\":\"Organization\",\"@id\":\"https:\\\/\\\/aa-house.ch\\\/#organization\",\"name\":\"A.A House Management\",\"url\":\"https:\\\/\\\/aa-house.ch\\\/\",\"logo\":{\"@type\":\"ImageObject\",\"inLanguage\":\"en-US\",\"@id\":\"https:\\\/\\\/aa-house.ch\\\/#\\\/schema\\\/logo\\\/image\\\/\",\"url\":\"https:\\\/\\\/aa-house.ch\\\/wp-content\\\/uploads\\\/2026\\\/03\\\/LOGO_Orange__AAHouseManagement-1.png\",\"contentUrl\":\"https:\\\/\\\/aa-house.ch\\\/wp-content\\\/uploads\\\/2026\\\/03\\\/LOGO_Orange__AAHouseManagement-1.png\",\"width\":500,\"height\":151,\"caption\":\"A.A House Management\"},\"image\":{\"@id\":\"https:\\\/\\\/aa-house.ch\\\/#\\\/schema\\\/logo\\\/image\\\/\"}}]}<\/script>\n<!-- \/ Yoast SEO plugin. -->","yoast_head_json":{"title":"Mentions L\u00e9gales - A.A House Management","robots":{"index":"noindex","follow":"nofollow"},"og_locale":"en_US","og_type":"article","og_title":"Mentions L\u00e9gales - A.A House Management","og_url":"https:\/\/aa-house.ch\/en\/mentions-legales\/","og_site_name":"A.A House Management","article_modified_time":"2026-04-07T13:26:38+00:00","twitter_card":"summary_large_image","schema":{"@context":"https:\/\/schema.org","@graph":[{"@type":"WebPage","@id":"https:\/\/aa-house.ch\/mentions-legales\/","url":"https:\/\/aa-house.ch\/mentions-legales\/","name":"Mentions L\u00e9gales - A.A House Management","isPartOf":{"@id":"https:\/\/aa-house.ch\/#website"},"datePublished":"2026-03-19T07:02:41+00:00","dateModified":"2026-04-07T13:26:38+00:00","breadcrumb":{"@id":"https:\/\/aa-house.ch\/mentions-legales\/#breadcrumb"},"inLanguage":"en-US","potentialAction":[{"@type":"ReadAction","target":["https:\/\/aa-house.ch\/mentions-legales\/"]}]},{"@type":"BreadcrumbList","@id":"https:\/\/aa-house.ch\/mentions-legales\/#breadcrumb","itemListElement":[{"@type":"ListItem","position":1,"name":"Home","item":"https:\/\/aa-house.ch\/"},{"@type":"ListItem","position":2,"name":"Mentions L\u00e9gales"}]},{"@type":"WebSite","@id":"https:\/\/aa-house.ch\/#website","url":"https:\/\/aa-house.ch\/","name":"A.A House Management","description":"","publisher":{"@id":"https:\/\/aa-house.ch\/#organization"},"potentialAction":[{"@type":"SearchAction","target":{"@type":"EntryPoint","urlTemplate":"https:\/\/aa-house.ch\/?s={search_term_string}"},"query-input":{"@type":"PropertyValueSpecification","valueRequired":true,"valueName":"search_term_string"}}],"inLanguage":"en-US"},{"@type":"Organization","@id":"https:\/\/aa-house.ch\/#organization","name":"A.A House Management","url":"https:\/\/aa-house.ch\/","logo":{"@type":"ImageObject","inLanguage":"en-US","@id":"https:\/\/aa-house.ch\/#\/schema\/logo\/image\/","url":"https:\/\/aa-house.ch\/wp-content\/uploads\/2026\/03\/LOGO_Orange__AAHouseManagement-1.png","contentUrl":"https:\/\/aa-house.ch\/wp-content\/uploads\/2026\/03\/LOGO_Orange__AAHouseManagement-1.png","width":500,"height":151,"caption":"A.A House Management"},"image":{"@id":"https:\/\/aa-house.ch\/#\/schema\/logo\/image\/"}}]}},"_links":{"self":[{"href":"https:\/\/aa-house.ch\/en\/wp-json\/wp\/v2\/pages\/26","targetHints":{"allow":["GET"]}}],"collection":[{"href":"https:\/\/aa-house.ch\/en\/wp-json\/wp\/v2\/pages"}],"about":[{"href":"https:\/\/aa-house.ch\/en\/wp-json\/wp\/v2\/types\/page"}],"author":[{"embeddable":true,"href":"https:\/\/aa-house.ch\/en\/wp-json\/wp\/v2\/users\/1"}],"replies":[{"embeddable":true,"href":"https:\/\/aa-house.ch\/en\/wp-json\/wp\/v2\/comments?post=26"}],"version-history":[{"count":3,"href":"https:\/\/aa-house.ch\/en\/wp-json\/wp\/v2\/pages\/26\/revisions"}],"predecessor-version":[{"id":432,"href":"https:\/\/aa-house.ch\/en\/wp-json\/wp\/v2\/pages\/26\/revisions\/432"}],"wp:attachment":[{"href":"https:\/\/aa-house.ch\/en\/wp-json\/wp\/v2\/media?parent=26"}],"wp:term":[{"taxonomy":"dipi_cpt_category","embeddable":true,"href":"https:\/\/aa-house.ch\/en\/wp-json\/wp\/v2\/dipi_cpt_category?post=26"}],"curies":[{"name":"wp","href":"https:\/\/api.w.org\/{rel}","templated":true}]}}