{"id":19,"date":"2026-03-19T07:00:37","date_gmt":"2026-03-19T07:00:37","guid":{"rendered":"https:\/\/aa-house.ch\/?page_id=19"},"modified":"2026-04-08T06:43:11","modified_gmt":"2026-04-08T06:43:11","slug":"contact","status":"publish","type":"page","link":"https:\/\/aa-house.ch\/en\/contact\/","title":{"rendered":"Contact"},"content":{"rendered":"<div class=\"et_pb_section_0 et_pb_section et_section_regular et_flex_section\">\n<div class=\"et_pb_row_0 et_pb_row et_flex_row\">\n<div class=\"et_pb_column_0 et_pb_column et_flex_column et_pb_css_mix_blend_mode_passthrough et_flex_column_12_24 et_flex_column_12_24_tablet et_flex_column_24_24_phone et_flex_column_12_24_ultraWide\">\n<div class=\"et_pb_image_0 et_pb_image et_pb_image_sticky et_pb_image_sticky_phone et_pb_module et_flex_module\"><span class=\"et_pb_image_wrap\"><img loading=\"lazy\" decoding=\"async\" src=\"https:\/\/aa-house.ch\/wp-content\/uploads\/2026\/03\/contact.webp\" title=\"contact\" width=\"878\" height=\"881\" srcset=\"https:\/\/aa-house.ch\/wp-content\/uploads\/2026\/03\/contact.webp 878w, https:\/\/aa-house.ch\/wp-content\/uploads\/2026\/03\/contact-480x482.webp 480w\" sizes=\"(min-width: 0px) and (max-width: 480px) 480px, (min-width: 481px) 878px, 100vw\" class=\"wp-image-315\" \/><\/span><\/div>\n<\/div>\n\n<div class=\"et_pb_column_1 et_pb_column et-last-child et_flex_column et_pb_css_mix_blend_mode_passthrough et_flex_column_12_24 et_flex_column_12_24_tablet et_flex_column_24_24_phone et_flex_column_12_24_ultraWide\">\n<div class=\"et_pb_group_0 et_pb_group et-last-child et_pb_module et_flex_group et_pb_css_mix_blend_mode_passthrough\">\n<div class=\"dipi_dual_heading_0 dipi_dual_heading et_pb_bg_layout_light et_pb_module\"><div class=\"dipi-dual-heading\">\n                <h1 class=\"dipi-dh-main\">\n                    <span class=\"dipi-dh-first-heading\">\n                        <span class=\"dipi-dh-animation-container\">\n                            <span class=\"dipi-dh-bg-container\">\n                                <div>A.A House Management<\/div>\n                            <\/span>\n                        <\/span>\n                    <\/span>\n                    <span class=\"dipi-dh-second-heading\">\n                        <span class=\"dipi-dh-animation-container\">\n                            <span class=\"dipi-dh-bg-container\">\n                                <div>Contact<\/div>\n                            <\/span>\n                        <\/span>\n                    <\/span>\n                <\/h1>\n            <\/div><\/div>\n\n<div class=\"et_pb_text_0 et_pb_text et_pb_bg_layout_light et_pb_module et_flex_module\"><div class=\"et_pb_text_inner\"><p class=\"translation-block\">A single point of contact to manage your property in <strong>Geneva and the surrounding area<\/strong>.\nWe\u2019ll get back to you shortly<\/p>\n<\/div><\/div>\n<\/div>\n<\/div>\n<\/div>\n\n<div class=\"et_pb_row_1 et_pb_row et_flex_row\">\n<div class=\"et_pb_column_2 et_pb_column et_flex_column et_pb_css_mix_blend_mode_passthrough et_flex_column_2_5 et_flex_column_2_5_tablet et_flex_column_24_24_phone et_flex_column_2_5_ultraWide\">\n<div class=\"et_pb_text_1 et_pb_text et_pb_bg_layout_light et_pb_module et_flex_module\"><div class=\"et_pb_text_inner\"><p>A.A House Management<\/p>\n<\/div><\/div>\n\n<div class=\"et_pb_blurb_0 et_pb_blurb et_pb_bg_layout_light et_pb_blurb_position_left et_clickable et_pb_module et_flex_module\"><div class=\"et_pb_blurb_content et_flex_module\"><div class=\"et_pb_main_blurb_image\"><span class=\"et_pb_image_wrap et_pb_only_image_mode_wrap\"><img loading=\"lazy\" decoding=\"async\" src=\"https:\/\/aa-house.ch\/wp-content\/uploads\/2026\/03\/ic_sharp-email.svg\" width=\"24\" height=\"24\" srcset=\"https:\/\/aa-house.ch\/wp-content\/uploads\/2026\/03\/ic_sharp-email.svg 24w\" class=\"et_animated wp-image-327\" title=\"ic_sharp-email\" \/><\/span><\/div><div class=\"et_pb_blurb_container\"><div class=\"et_pb_blurb_description\"><p>info@aa-house.ch<\/p>\n<\/div><\/div><\/div><\/div>\n\n<div class=\"et_pb_blurb_1 et_pb_blurb et_pb_bg_layout_light et_pb_blurb_position_left et_clickable et_pb_module et_flex_module\"><div class=\"et_pb_blurb_content et_flex_module\"><div class=\"et_pb_main_blurb_image\"><span class=\"et_pb_image_wrap et_pb_only_image_mode_wrap\"><img loading=\"lazy\" decoding=\"async\" src=\"https:\/\/aa-house.ch\/wp-content\/uploads\/2026\/03\/bxs_phone-call-1.svg\" width=\"24\" height=\"24\" srcset=\"https:\/\/aa-house.ch\/wp-content\/uploads\/2026\/03\/bxs_phone-call-1.svg 24w\" class=\"et_animated wp-image-328\" title=\"bxs_phone-call (1)\" \/><\/span><\/div><div class=\"et_pb_blurb_container\"><div class=\"et_pb_blurb_description\"><p>+41.22.808.02.82<\/p>\n<\/div><\/div><\/div><\/div>\n\n<div class=\"et_pb_blurb_2 et_pb_blurb et_pb_bg_layout_light et_pb_blurb_position_left et_pb_module et_flex_module\"><div class=\"et_pb_blurb_content et_flex_module\"><div class=\"et_pb_main_blurb_image\"><span class=\"et_pb_image_wrap et_pb_only_image_mode_wrap\"><img loading=\"lazy\" decoding=\"async\" src=\"https:\/\/aa-house.ch\/wp-content\/uploads\/2026\/03\/carbon_location-filled-1.svg\" width=\"24\" height=\"24\" srcset=\"https:\/\/aa-house.ch\/wp-content\/uploads\/2026\/03\/carbon_location-filled-1.svg 24w\" class=\"et_animated wp-image-329\" title=\"carbon_location-filled (1)\" \/><\/span><\/div><div class=\"et_pb_blurb_container\"><div class=\"et_pb_blurb_description\"><p>Avenue Rosemont 2, <br \/>1208 Gen\u00e8ve<\/p>\n<\/div><\/div><\/div><\/div>\n<\/div>\n\n<div class=\"et_pb_column_3 et_pb_column et-last-child et_flex_column et_pb_css_mix_blend_mode_passthrough et_flex_column_3_5 et_flex_column_3_5_tablet et_flex_column_24_24_phone et_flex_column_3_5_ultraWide\">\n<div class=\"et_pb_contact_form_0 et_pb_contact_form_container clearfix et_pb_module et_flex_module\" data-form_unique_num=\"0\" data-form_unique_id=\"e8a962bd-6de5-4f3b-a15e-6dd79f6712e9\" id=\"et_pb_contact_form_e8a962bd-6de5-4f3b-a15e-6dd79f6712e9\"><div class=\"et-pb-contact-message\"><\/div><div class=\"et_pb_contact\"><form class=\"et_pb_contact_form et_flex_module\" method=\"post\" action=\"https:\/\/aa-house.ch\/en\/wp-json\/wp\/v2\/pages\/19\" data-trp-original-action=\"https:\/\/aa-house.ch\/en\/wp-json\/wp\/v2\/pages\/19\">\n<div class=\"et_pb_contact_field_0 et_pb_contact_field et_pb_module et_flex_module et_flex_column_12_24 et_flex_column_12_24_tablet et_flex_column_12_24_phone et_flex_column_12_24_ultraWide\" data-id=\"nom\" data-type=\"input\"><label class=\"et_pb_contact_form_label\" for=\"et_pb_contact_0_nom_0\">NAME<\/label><input type=\"text\" name=\"et_pb_contact_0_nom_0\" id=\"et_pb_contact_0_nom_0\" class=\"input\" data-required_mark=\"required\" data-field_type=\"input\" data-original_id=\"nom\" placeholder=\"NAME\" title=\"\" value=\"\" \/><\/div>\n\n<div class=\"et_pb_contact_field_1 et_pb_contact_field et_pb_module et_flex_module et_flex_column_12_24 et_flex_column_12_24_tablet et_flex_column_12_24_phone et_flex_column_12_24_ultraWide\" data-id=\"pr\u00c9nom\" data-type=\"input\"><label class=\"et_pb_contact_form_label\" for=\"et_pb_contact_0_pr\u00c9nom_1\">FIRST NAME<\/label><input type=\"text\" name=\"et_pb_contact_0_pr\u00c9nom_1\" id=\"et_pb_contact_0_pr\u00c9nom_1\" class=\"input\" data-required_mark=\"required\" data-field_type=\"input\" data-original_id=\"pr\u00c9nom\" placeholder=\"FIRST NAME\" title=\"\" value=\"\" \/><\/div>\n\n<div class=\"et_pb_contact_field_2 et_pb_contact_field et_pb_module et_flex_module et_flex_column_24_24 et_flex_column_24_24_tablet et_flex_column_24_24_phone et_flex_column_24_24_ultraWide\" data-id=\"email\" data-type=\"email\"><label class=\"et_pb_contact_form_label\" for=\"et_pb_contact_0_email_2\">EMAIL<\/label><input type=\"text\" name=\"et_pb_contact_0_email_2\" id=\"et_pb_contact_0_email_2\" class=\"input\" data-required_mark=\"required\" data-field_type=\"email\" data-original_id=\"email\" placeholder=\"EMAIL\" title=\"\" value=\"\" \/><\/div>\n\n<div class=\"et_pb_contact_field_3 et_pb_contact_field et_pb_module et_flex_module et_flex_column_24_24 et_flex_column_24_24_tablet et_flex_column_24_24_phone et_flex_column_24_24_ultraWide\" data-id=\"message\" data-type=\"text\"><label class=\"et_pb_contact_form_label\" for=\"et_pb_contact_0_message_3\">MESSAGE<\/label><textarea name=\"et_pb_contact_0_message_3\" id=\"et_pb_contact_0_message_3\" class=\"et_pb_contact_message input\" data-required_mark=\"required\" data-field_type=\"text\" data-original_id=\"message\" placeholder=\"MESSAGE\"><\/textarea><\/div>\n<input type=\"hidden\" name=\"et_pb_contactform_submit_e8a962bd-6de5-4f3b-a15e-6dd79f6712e9\" value=\"et_contact_proccess\" \/><div class=\"et_contact_bottom_container\"><div class=\"et_pb_contact_right et_pb_contact_field\"><p class=\"clearfix\"><label><span class=\"et_pb_contact_captcha_question\">11 + 12<\/span> = <input type=\"text\" size=\"2\" class=\"input et_pb_contact_captcha\" data-first_digit=\"11\" data-second_digit=\"12\" data-required_mark=\"required\" name=\"et_pb_contact_captcha_e8a962bd-6de5-4f3b-a15e-6dd79f6712e9\" autocomplete=\"off\" \/><\/label><\/p><\/div><div class=\"et_pb_button_wrapper\"><button type=\"submit\" name=\"et_builder_submit_button\" class=\"et_pb_button et_pb_contact_submit\">Send<\/button><\/div><\/div><input type=\"hidden\" id=\"_wpnonce-et-pb-contact-form-submitted-e8a962bd-6de5-4f3b-a15e-6dd79f6712e9\" name=\"_wpnonce-et-pb-contact-form-submitted-e8a962bd-6de5-4f3b-a15e-6dd79f6712e9\" value=\"eebc6ee5ed\" \/><input type=\"hidden\" name=\"_wp_http_referer\" value=\"\/en\/wp-json\/wp\/v2\/pages\/19\" \/><input type=\"hidden\" name=\"trp-form-language\" value=\"en\"\/><\/form><\/div><\/div>\n<\/div>\n<\/div>\n<\/div>","protected":false},"excerpt":{"rendered":"","protected":false},"author":1,"featured_media":0,"parent":0,"menu_order":0,"comment_status":"closed","ping_status":"closed","template":"","meta":{"footnotes":""},"dipi_cpt_category":[],"class_list":["post-19","page","type-page","status-publish","hentry"],"yoast_head":"<!-- This site is optimized with the Yoast SEO plugin v27.3 - https:\/\/yoast.com\/product\/yoast-seo-wordpress\/ -->\n<title>Contact | A.A House Management Gen\u00e8ve<\/title>\n<meta name=\"description\" content=\"Contactez A.A House Management \u00e0 Gen\u00e8ve pour la gestion et l\u2019entretien de votre maison. R\u00e9ponse rapide et service sur mesure.\" \/>\n<meta name=\"robots\" content=\"index, follow, max-snippet:-1, max-image-preview:large, max-video-preview:-1\" \/>\n<link rel=\"canonical\" href=\"https:\/\/aa-house.ch\/en\/contact\/\" \/>\n<meta property=\"og:locale\" content=\"en_US\" \/>\n<meta property=\"og:type\" content=\"article\" \/>\n<meta property=\"og:title\" content=\"Contact | A.A House Management Gen\u00e8ve\" \/>\n<meta property=\"og:description\" content=\"Contactez A.A House Management \u00e0 Gen\u00e8ve pour la gestion et l\u2019entretien de votre maison. R\u00e9ponse rapide et service sur mesure.\" \/>\n<meta property=\"og:url\" content=\"https:\/\/aa-house.ch\/en\/contact\/\" \/>\n<meta property=\"og:site_name\" content=\"A.A House Management\" \/>\n<meta property=\"article:modified_time\" content=\"2026-04-08T06:43:11+00:00\" \/>\n<meta name=\"twitter:card\" content=\"summary_large_image\" \/>\n<script type=\"application\/ld+json\" class=\"yoast-schema-graph\">{\"@context\":\"https:\\\/\\\/schema.org\",\"@graph\":[{\"@type\":\"WebPage\",\"@id\":\"https:\\\/\\\/aa-house.ch\\\/contact\\\/\",\"url\":\"https:\\\/\\\/aa-house.ch\\\/contact\\\/\",\"name\":\"Contact | A.A House Management Gen\u00e8ve\",\"isPartOf\":{\"@id\":\"https:\\\/\\\/aa-house.ch\\\/#website\"},\"datePublished\":\"2026-03-19T07:00:37+00:00\",\"dateModified\":\"2026-04-08T06:43:11+00:00\",\"description\":\"Contactez A.A House Management \u00e0 Gen\u00e8ve pour la gestion et l\u2019entretien de votre maison. R\u00e9ponse rapide et service sur mesure.\",\"breadcrumb\":{\"@id\":\"https:\\\/\\\/aa-house.ch\\\/contact\\\/#breadcrumb\"},\"inLanguage\":\"en-US\",\"potentialAction\":[{\"@type\":\"ReadAction\",\"target\":[\"https:\\\/\\\/aa-house.ch\\\/contact\\\/\"]}]},{\"@type\":\"BreadcrumbList\",\"@id\":\"https:\\\/\\\/aa-house.ch\\\/contact\\\/#breadcrumb\",\"itemListElement\":[{\"@type\":\"ListItem\",\"position\":1,\"name\":\"Home\",\"item\":\"https:\\\/\\\/aa-house.ch\\\/\"},{\"@type\":\"ListItem\",\"position\":2,\"name\":\"Contact\"}]},{\"@type\":\"WebSite\",\"@id\":\"https:\\\/\\\/aa-house.ch\\\/#website\",\"url\":\"https:\\\/\\\/aa-house.ch\\\/\",\"name\":\"A.A House Management\",\"description\":\"\",\"publisher\":{\"@id\":\"https:\\\/\\\/aa-house.ch\\\/#organization\"},\"potentialAction\":[{\"@type\":\"SearchAction\",\"target\":{\"@type\":\"EntryPoint\",\"urlTemplate\":\"https:\\\/\\\/aa-house.ch\\\/?s={search_term_string}\"},\"query-input\":{\"@type\":\"PropertyValueSpecification\",\"valueRequired\":true,\"valueName\":\"search_term_string\"}}],\"inLanguage\":\"en-US\"},{\"@type\":\"Organization\",\"@id\":\"https:\\\/\\\/aa-house.ch\\\/#organization\",\"name\":\"A.A House Management\",\"url\":\"https:\\\/\\\/aa-house.ch\\\/\",\"logo\":{\"@type\":\"ImageObject\",\"inLanguage\":\"en-US\",\"@id\":\"https:\\\/\\\/aa-house.ch\\\/#\\\/schema\\\/logo\\\/image\\\/\",\"url\":\"https:\\\/\\\/aa-house.ch\\\/wp-content\\\/uploads\\\/2026\\\/03\\\/LOGO_Orange__AAHouseManagement-1.png\",\"contentUrl\":\"https:\\\/\\\/aa-house.ch\\\/wp-content\\\/uploads\\\/2026\\\/03\\\/LOGO_Orange__AAHouseManagement-1.png\",\"width\":500,\"height\":151,\"caption\":\"A.A House Management\"},\"image\":{\"@id\":\"https:\\\/\\\/aa-house.ch\\\/#\\\/schema\\\/logo\\\/image\\\/\"}}]}<\/script>\n<!-- \/ Yoast SEO plugin. -->","yoast_head_json":{"title":"Contact | A.A House Management Gen\u00e8ve","description":"Contactez A.A House Management \u00e0 Gen\u00e8ve pour la gestion et l\u2019entretien de votre maison. R\u00e9ponse rapide et service sur mesure.","robots":{"index":"index","follow":"follow","max-snippet":"max-snippet:-1","max-image-preview":"max-image-preview:large","max-video-preview":"max-video-preview:-1"},"canonical":"https:\/\/aa-house.ch\/en\/contact\/","og_locale":"en_US","og_type":"article","og_title":"Contact | A.A House Management Gen\u00e8ve","og_description":"Contactez A.A House Management \u00e0 Gen\u00e8ve pour la gestion et l\u2019entretien de votre maison. R\u00e9ponse rapide et service sur mesure.","og_url":"https:\/\/aa-house.ch\/en\/contact\/","og_site_name":"A.A House Management","article_modified_time":"2026-04-08T06:43:11+00:00","twitter_card":"summary_large_image","schema":{"@context":"https:\/\/schema.org","@graph":[{"@type":"WebPage","@id":"https:\/\/aa-house.ch\/contact\/","url":"https:\/\/aa-house.ch\/contact\/","name":"Contact | A.A House Management Gen\u00e8ve","isPartOf":{"@id":"https:\/\/aa-house.ch\/#website"},"datePublished":"2026-03-19T07:00:37+00:00","dateModified":"2026-04-08T06:43:11+00:00","description":"Contactez A.A House Management \u00e0 Gen\u00e8ve pour la gestion et l\u2019entretien de votre maison. R\u00e9ponse rapide et service sur mesure.","breadcrumb":{"@id":"https:\/\/aa-house.ch\/contact\/#breadcrumb"},"inLanguage":"en-US","potentialAction":[{"@type":"ReadAction","target":["https:\/\/aa-house.ch\/contact\/"]}]},{"@type":"BreadcrumbList","@id":"https:\/\/aa-house.ch\/contact\/#breadcrumb","itemListElement":[{"@type":"ListItem","position":1,"name":"Home","item":"https:\/\/aa-house.ch\/"},{"@type":"ListItem","position":2,"name":"Contact"}]},{"@type":"WebSite","@id":"https:\/\/aa-house.ch\/#website","url":"https:\/\/aa-house.ch\/","name":"A.A House Management","description":"","publisher":{"@id":"https:\/\/aa-house.ch\/#organization"},"potentialAction":[{"@type":"SearchAction","target":{"@type":"EntryPoint","urlTemplate":"https:\/\/aa-house.ch\/?s={search_term_string}"},"query-input":{"@type":"PropertyValueSpecification","valueRequired":true,"valueName":"search_term_string"}}],"inLanguage":"en-US"},{"@type":"Organization","@id":"https:\/\/aa-house.ch\/#organization","name":"A.A House Management","url":"https:\/\/aa-house.ch\/","logo":{"@type":"ImageObject","inLanguage":"en-US","@id":"https:\/\/aa-house.ch\/#\/schema\/logo\/image\/","url":"https:\/\/aa-house.ch\/wp-content\/uploads\/2026\/03\/LOGO_Orange__AAHouseManagement-1.png","contentUrl":"https:\/\/aa-house.ch\/wp-content\/uploads\/2026\/03\/LOGO_Orange__AAHouseManagement-1.png","width":500,"height":151,"caption":"A.A House Management"},"image":{"@id":"https:\/\/aa-house.ch\/#\/schema\/logo\/image\/"}}]}},"_links":{"self":[{"href":"https:\/\/aa-house.ch\/en\/wp-json\/wp\/v2\/pages\/19","targetHints":{"allow":["GET"]}}],"collection":[{"href":"https:\/\/aa-house.ch\/en\/wp-json\/wp\/v2\/pages"}],"about":[{"href":"https:\/\/aa-house.ch\/en\/wp-json\/wp\/v2\/types\/page"}],"author":[{"embeddable":true,"href":"https:\/\/aa-house.ch\/en\/wp-json\/wp\/v2\/users\/1"}],"replies":[{"embeddable":true,"href":"https:\/\/aa-house.ch\/en\/wp-json\/wp\/v2\/comments?post=19"}],"version-history":[{"count":19,"href":"https:\/\/aa-house.ch\/en\/wp-json\/wp\/v2\/pages\/19\/revisions"}],"predecessor-version":[{"id":469,"href":"https:\/\/aa-house.ch\/en\/wp-json\/wp\/v2\/pages\/19\/revisions\/469"}],"wp:attachment":[{"href":"https:\/\/aa-house.ch\/en\/wp-json\/wp\/v2\/media?parent=19"}],"wp:term":[{"taxonomy":"dipi_cpt_category","embeddable":true,"href":"https:\/\/aa-house.ch\/en\/wp-json\/wp\/v2\/dipi_cpt_category?post=19"}],"curies":[{"name":"wp","href":"https:\/\/api.w.org\/{rel}","templated":true}]}}