{"id":16,"date":"2026-03-19T07:00:11","date_gmt":"2026-03-19T07:00:11","guid":{"rendered":"https:\/\/aa-house.ch\/?page_id=16"},"modified":"2026-04-07T14:21:52","modified_gmt":"2026-04-07T14:21:52","slug":"a-propos","status":"publish","type":"page","link":"https:\/\/aa-house.ch\/en\/a-propos\/","title":{"rendered":"About"},"content":{"rendered":"<div class=\"et_pb_section_0 et_pb_section et_section_regular et_flex_section\">\n<div class=\"et_pb_row_0 et_pb_row et_flex_row\">\n<div class=\"et_pb_column_0 et_pb_column et_flex_column et_pb_css_mix_blend_mode_passthrough et_flex_column_12_24 et_flex_column_12_24_tablet et_flex_column_24_24_phone et_flex_column_12_24_ultraWide\">\n<div class=\"et_pb_image_0 et_pb_image et_pb_image_sticky et_pb_image_sticky_phone et_pb_module et_flex_module\"><span class=\"et_pb_image_wrap\"><img loading=\"lazy\" decoding=\"async\" src=\"https:\/\/aa-house.ch\/wp-content\/uploads\/2026\/04\/Portrait_Julie_Illustration1.webp\" title=\"Portrait_Julie_Illustration1\" width=\"800\" height=\"1062\" srcset=\"https:\/\/aa-house.ch\/wp-content\/uploads\/2026\/04\/Portrait_Julie_Illustration1.webp 800w, https:\/\/aa-house.ch\/wp-content\/uploads\/2026\/04\/Portrait_Julie_Illustration1-480x637.webp 480w\" sizes=\"(min-width: 0px) and (max-width: 480px) 480px, (min-width: 481px) 800px, 100vw\" class=\"wp-image-459\" alt=\"Julie Wittgenstein fondatrice de A.A house management Gen\u00e8ve\" \/><\/span><\/div>\n<\/div>\n\n<div class=\"et_pb_column_1 et_pb_column et-last-child et_flex_column et_pb_css_mix_blend_mode_passthrough et_flex_column_12_24 et_flex_column_12_24_tablet et_flex_column_24_24_phone et_flex_column_12_24_ultraWide\">\n<div class=\"et_pb_group_0 et_pb_group et-last-child et_pb_module et_flex_group et_pb_css_mix_blend_mode_passthrough\">\n<div class=\"dipi_dual_heading_0 dipi_dual_heading et_pb_bg_layout_light et_pb_module\"><div class=\"dipi-dual-heading\">\n                <h1 class=\"dipi-dh-main\">\n                    <span class=\"dipi-dh-first-heading\">\n                        <span class=\"dipi-dh-animation-container\">\n                            <span class=\"dipi-dh-bg-container\">\n                                <div>A.A House Management founder :<\/div>\n                            <\/span>\n                        <\/span>\n                    <\/span>\n                    <span class=\"dipi-dh-second-heading\">\n                        <span class=\"dipi-dh-animation-container\">\n                            <span class=\"dipi-dh-bg-container\">\n                                <div>Julie Wittgenstein<\/div>\n                            <\/span>\n                        <\/span>\n                    <\/span>\n                <\/h1>\n            <\/div><\/div>\n<\/div>\n<\/div>\n<\/div>\n\n<div class=\"et_pb_row_1 et_pb_row et_flex_row\">\n<div class=\"et_pb_column_2 et_pb_column et-last-child et_flex_column et_pb_css_mix_blend_mode_passthrough et_flex_column_24_24 et_flex_column_24_24_tablet et_flex_column_24_24_phone et_flex_column_24_24_ultraWide\">\n<div class=\"et_pb_blurb_0 et_pb_blurb et_pb_bg_layout_light et_pb_blurb_position_left et_pb_module et_flex_module\"><div class=\"et_pb_blurb_content et_flex_module\"><div class=\"et_pb_main_blurb_image\"><span class=\"et_pb_image_wrap et_pb_only_image_mode_wrap\"><img loading=\"lazy\" decoding=\"async\" src=\"https:\/\/aa-house.ch\/wp-content\/uploads\/2026\/03\/quote.png\" width=\"23\" height=\"19\" srcset=\"https:\/\/aa-house.ch\/wp-content\/uploads\/2026\/03\/quote.png 23w\" sizes=\"(max-width: 23px) 100vw, 23px\" class=\"et_animated wp-image-182\" title=\"quote\" \/><\/span><\/div><div class=\"et_pb_blurb_container\"><div class=\"et_pb_blurb_description\"><p>I gradually realised, through my experience as an architect and interior architect, that there was\na real need for ongoing property maintenance and oversight in many projects.<\/p>\n<p>The stress this created for my clients led them to turn to me again and again for help with\nmaintenance and smaller works.<\/p>\n<p>That is how the idea naturally arose to offer a dedicated service for managing their homes.\nA single point of contact, with everything taken care of.<\/p>\n<p>No more searching for the right professionals or having to be present on site.\nEverything is handled for you, so you can make the most of your time.<\/p>\n<\/div><\/div><\/div><\/div>\n\n<div class=\"et_pb_module et_pb_button_module_wrapper et_pb_button_0_wrapper\"><a class=\"et_pb_button_0 et_pb_button et_pb_bg_layout_light et_pb_module et_flex_module\" href=\"https:\/\/aa-house.ch\/en\/contact\/\">Feel free to get in touch<\/a><\/div>\n<\/div>\n<\/div>\n<\/div>","protected":false},"excerpt":{"rendered":"","protected":false},"author":1,"featured_media":0,"parent":0,"menu_order":0,"comment_status":"closed","ping_status":"closed","template":"","meta":{"footnotes":""},"dipi_cpt_category":[],"class_list":["post-16","page","type-page","status-publish","hentry"],"yoast_head":"<!-- This site is optimized with the Yoast SEO plugin v27.3 - https:\/\/yoast.com\/product\/yoast-seo-wordpress\/ -->\n<title>Julie Wittgenstein | A.A House Management Gen\u00e8ve<\/title>\n<meta name=\"description\" content=\"Fondatrice d\u2019A.A House Management \u00e0 Gen\u00e8ve, Julie Wittgenstein accompagne les propri\u00e9taires dans la gestion, l\u2019entretien et le suivi de leur maison.\" \/>\n<meta name=\"robots\" content=\"index, follow, max-snippet:-1, max-image-preview:large, max-video-preview:-1\" \/>\n<link rel=\"canonical\" href=\"https:\/\/aa-house.ch\/en\/a-propos\/\" \/>\n<meta property=\"og:locale\" content=\"en_US\" \/>\n<meta property=\"og:type\" content=\"article\" \/>\n<meta property=\"og:title\" content=\"Julie Wittgenstein | A.A House Management Gen\u00e8ve\" \/>\n<meta property=\"og:description\" content=\"Fondatrice d\u2019A.A House Management \u00e0 Gen\u00e8ve, Julie Wittgenstein accompagne les propri\u00e9taires dans la gestion, l\u2019entretien et le suivi de leur maison.\" \/>\n<meta property=\"og:url\" content=\"https:\/\/aa-house.ch\/en\/a-propos\/\" \/>\n<meta property=\"og:site_name\" content=\"A.A House Management\" \/>\n<meta property=\"article:modified_time\" content=\"2026-04-07T14:21:52+00:00\" \/>\n<meta name=\"twitter:card\" content=\"summary_large_image\" \/>\n<script type=\"application\/ld+json\" class=\"yoast-schema-graph\">{\"@context\":\"https:\\\/\\\/schema.org\",\"@graph\":[{\"@type\":\"WebPage\",\"@id\":\"https:\\\/\\\/aa-house.ch\\\/a-propos\\\/\",\"url\":\"https:\\\/\\\/aa-house.ch\\\/a-propos\\\/\",\"name\":\"Julie Wittgenstein | A.A House Management Gen\u00e8ve\",\"isPartOf\":{\"@id\":\"https:\\\/\\\/aa-house.ch\\\/#website\"},\"datePublished\":\"2026-03-19T07:00:11+00:00\",\"dateModified\":\"2026-04-07T14:21:52+00:00\",\"description\":\"Fondatrice d\u2019A.A House Management \u00e0 Gen\u00e8ve, Julie Wittgenstein accompagne les propri\u00e9taires dans la gestion, l\u2019entretien et le suivi de leur maison.\",\"breadcrumb\":{\"@id\":\"https:\\\/\\\/aa-house.ch\\\/a-propos\\\/#breadcrumb\"},\"inLanguage\":\"en-US\",\"potentialAction\":[{\"@type\":\"ReadAction\",\"target\":[\"https:\\\/\\\/aa-house.ch\\\/a-propos\\\/\"]}]},{\"@type\":\"BreadcrumbList\",\"@id\":\"https:\\\/\\\/aa-house.ch\\\/a-propos\\\/#breadcrumb\",\"itemListElement\":[{\"@type\":\"ListItem\",\"position\":1,\"name\":\"Home\",\"item\":\"https:\\\/\\\/aa-house.ch\\\/\"},{\"@type\":\"ListItem\",\"position\":2,\"name\":\"\u00c0 propos\"}]},{\"@type\":\"WebSite\",\"@id\":\"https:\\\/\\\/aa-house.ch\\\/#website\",\"url\":\"https:\\\/\\\/aa-house.ch\\\/\",\"name\":\"A.A House Management\",\"description\":\"\",\"publisher\":{\"@id\":\"https:\\\/\\\/aa-house.ch\\\/#organization\"},\"potentialAction\":[{\"@type\":\"SearchAction\",\"target\":{\"@type\":\"EntryPoint\",\"urlTemplate\":\"https:\\\/\\\/aa-house.ch\\\/?s={search_term_string}\"},\"query-input\":{\"@type\":\"PropertyValueSpecification\",\"valueRequired\":true,\"valueName\":\"search_term_string\"}}],\"inLanguage\":\"en-US\"},{\"@type\":\"Organization\",\"@id\":\"https:\\\/\\\/aa-house.ch\\\/#organization\",\"name\":\"A.A House Management\",\"url\":\"https:\\\/\\\/aa-house.ch\\\/\",\"logo\":{\"@type\":\"ImageObject\",\"inLanguage\":\"en-US\",\"@id\":\"https:\\\/\\\/aa-house.ch\\\/#\\\/schema\\\/logo\\\/image\\\/\",\"url\":\"https:\\\/\\\/aa-house.ch\\\/wp-content\\\/uploads\\\/2026\\\/03\\\/LOGO_Orange__AAHouseManagement-1.png\",\"contentUrl\":\"https:\\\/\\\/aa-house.ch\\\/wp-content\\\/uploads\\\/2026\\\/03\\\/LOGO_Orange__AAHouseManagement-1.png\",\"width\":500,\"height\":151,\"caption\":\"A.A House Management\"},\"image\":{\"@id\":\"https:\\\/\\\/aa-house.ch\\\/#\\\/schema\\\/logo\\\/image\\\/\"}}]}<\/script>\n<!-- \/ Yoast SEO plugin. -->","yoast_head_json":{"title":"Julie Wittgenstein | A.A House Management Gen\u00e8ve","description":"Fondatrice d\u2019A.A House Management \u00e0 Gen\u00e8ve, Julie Wittgenstein accompagne les propri\u00e9taires dans la gestion, l\u2019entretien et le suivi de leur maison.","robots":{"index":"index","follow":"follow","max-snippet":"max-snippet:-1","max-image-preview":"max-image-preview:large","max-video-preview":"max-video-preview:-1"},"canonical":"https:\/\/aa-house.ch\/en\/a-propos\/","og_locale":"en_US","og_type":"article","og_title":"Julie Wittgenstein | A.A House Management Gen\u00e8ve","og_description":"Fondatrice d\u2019A.A House Management \u00e0 Gen\u00e8ve, Julie Wittgenstein accompagne les propri\u00e9taires dans la gestion, l\u2019entretien et le suivi de leur maison.","og_url":"https:\/\/aa-house.ch\/en\/a-propos\/","og_site_name":"A.A House Management","article_modified_time":"2026-04-07T14:21:52+00:00","twitter_card":"summary_large_image","schema":{"@context":"https:\/\/schema.org","@graph":[{"@type":"WebPage","@id":"https:\/\/aa-house.ch\/a-propos\/","url":"https:\/\/aa-house.ch\/a-propos\/","name":"Julie Wittgenstein | A.A House Management Gen\u00e8ve","isPartOf":{"@id":"https:\/\/aa-house.ch\/#website"},"datePublished":"2026-03-19T07:00:11+00:00","dateModified":"2026-04-07T14:21:52+00:00","description":"Fondatrice d\u2019A.A House Management \u00e0 Gen\u00e8ve, Julie Wittgenstein accompagne les propri\u00e9taires dans la gestion, l\u2019entretien et le suivi de leur maison.","breadcrumb":{"@id":"https:\/\/aa-house.ch\/a-propos\/#breadcrumb"},"inLanguage":"en-US","potentialAction":[{"@type":"ReadAction","target":["https:\/\/aa-house.ch\/a-propos\/"]}]},{"@type":"BreadcrumbList","@id":"https:\/\/aa-house.ch\/a-propos\/#breadcrumb","itemListElement":[{"@type":"ListItem","position":1,"name":"Home","item":"https:\/\/aa-house.ch\/"},{"@type":"ListItem","position":2,"name":"\u00c0 propos"}]},{"@type":"WebSite","@id":"https:\/\/aa-house.ch\/#website","url":"https:\/\/aa-house.ch\/","name":"A.A House Management","description":"","publisher":{"@id":"https:\/\/aa-house.ch\/#organization"},"potentialAction":[{"@type":"SearchAction","target":{"@type":"EntryPoint","urlTemplate":"https:\/\/aa-house.ch\/?s={search_term_string}"},"query-input":{"@type":"PropertyValueSpecification","valueRequired":true,"valueName":"search_term_string"}}],"inLanguage":"en-US"},{"@type":"Organization","@id":"https:\/\/aa-house.ch\/#organization","name":"A.A House Management","url":"https:\/\/aa-house.ch\/","logo":{"@type":"ImageObject","inLanguage":"en-US","@id":"https:\/\/aa-house.ch\/#\/schema\/logo\/image\/","url":"https:\/\/aa-house.ch\/wp-content\/uploads\/2026\/03\/LOGO_Orange__AAHouseManagement-1.png","contentUrl":"https:\/\/aa-house.ch\/wp-content\/uploads\/2026\/03\/LOGO_Orange__AAHouseManagement-1.png","width":500,"height":151,"caption":"A.A House Management"},"image":{"@id":"https:\/\/aa-house.ch\/#\/schema\/logo\/image\/"}}]}},"_links":{"self":[{"href":"https:\/\/aa-house.ch\/en\/wp-json\/wp\/v2\/pages\/16","targetHints":{"allow":["GET"]}}],"collection":[{"href":"https:\/\/aa-house.ch\/en\/wp-json\/wp\/v2\/pages"}],"about":[{"href":"https:\/\/aa-house.ch\/en\/wp-json\/wp\/v2\/types\/page"}],"author":[{"embeddable":true,"href":"https:\/\/aa-house.ch\/en\/wp-json\/wp\/v2\/users\/1"}],"replies":[{"embeddable":true,"href":"https:\/\/aa-house.ch\/en\/wp-json\/wp\/v2\/comments?post=16"}],"version-history":[{"count":17,"href":"https:\/\/aa-house.ch\/en\/wp-json\/wp\/v2\/pages\/16\/revisions"}],"predecessor-version":[{"id":460,"href":"https:\/\/aa-house.ch\/en\/wp-json\/wp\/v2\/pages\/16\/revisions\/460"}],"wp:attachment":[{"href":"https:\/\/aa-house.ch\/en\/wp-json\/wp\/v2\/media?parent=16"}],"wp:term":[{"taxonomy":"dipi_cpt_category","embeddable":true,"href":"https:\/\/aa-house.ch\/en\/wp-json\/wp\/v2\/dipi_cpt_category?post=16"}],"curies":[{"name":"wp","href":"https:\/\/api.w.org\/{rel}","templated":true}]}}