{"id":14,"date":"2026-03-19T06:59:48","date_gmt":"2026-03-19T06:59:48","guid":{"rendered":"https:\/\/aa-house.ch\/?page_id=14"},"modified":"2026-04-07T08:36:34","modified_gmt":"2026-04-07T08:36:34","slug":"formules","status":"publish","type":"page","link":"https:\/\/aa-house.ch\/en\/formules\/","title":{"rendered":"Packages"},"content":{"rendered":"<div class=\"et_pb_section_0 et_pb_section et_section_regular et_flex_section\">\n<div class=\"et_pb_row_0 et_pb_row et_flex_row\">\n<div class=\"et_pb_column_0 et_pb_column et-last-child et_flex_column et_pb_css_mix_blend_mode_passthrough et_flex_column_24_24 et_flex_column_24_24_tablet et_flex_column_24_24_phone et_flex_column_24_24_ultraWide\">\n<div class=\"et_pb_group_0 et_pb_group et-last-child et_pb_module et_flex_group et_pb_css_mix_blend_mode_passthrough\">\n<div class=\"dipi_dual_heading_0 dipi_dual_heading et_pb_bg_layout_light et_pb_module\"><div class=\"dipi-dual-heading\">\n                <h1 class=\"dipi-dh-main\">\n                    <span class=\"dipi-dh-first-heading\">\n                        <span class=\"dipi-dh-animation-container\">\n                            <span class=\"dipi-dh-bg-container\">\n                                <div>Our plans for home management in Geneva &amp; surrounding areas<\/div>\n                            <\/span>\n                        <\/span>\n                    <\/span>\n                    <span class=\"dipi-dh-second-heading\">\n                        <span class=\"dipi-dh-animation-container\">\n                            <span class=\"dipi-dh-bg-container\">\n                                \n                            <\/span>\n                        <\/span>\n                    <\/span>\n                <\/h1>\n            <\/div><\/div>\n\n<div class=\"et_pb_text_0 et_pb_text et_pb_bg_layout_light et_pb_module et_flex_module\"><div class=\"et_pb_text_inner\"><p class=\"translation-block\">Every home is unique.<br>\nAt A.A House Management, we offer <strong>three levels of service<\/strong>, defined by the frequency of\nvisits, the time dedicated to your property and the level of priority given to your requests.<\/p>\n<\/div><\/div>\n<\/div>\n<\/div>\n<\/div>\n\n<div class=\"et_pb_row_1 et_pb_row et_flex_row\">\n<div class=\"et_pb_column_1 et_pb_column et-last-child et_flex_column et_pb_css_mix_blend_mode_passthrough et_flex_column_24_24 et_flex_column_24_24_tablet et_flex_column_24_24_phone et_flex_column_24_24_ultraWide\">\n<div class=\"et_pb_divider_0 et_pb_divider et_pb_space et_pb_divider_position_top et_pb_module\"><div class=\"et_pb_divider_internal\"><\/div><\/div>\n<\/div>\n<\/div>\n<\/div>\n\n<div class=\"et_pb_section_1 et_pb_section et_section_regular et_flex_section\">\n<div class=\"et_pb_row_2 et_pb_row et_flex_row\">\n<div class=\"et_pb_column_2 et_pb_column et-last-child et_flex_column et_pb_css_mix_blend_mode_passthrough et_flex_column_24_24 et_flex_column_24_24_tablet et_flex_column_24_24_phone et_flex_column_24_24_ultraWide\">\n<div class=\"et_pb_text_1 et_pb_text et_pb_bg_layout_light et_pb_module et_flex_module\"><div class=\"et_pb_text_inner\"><div class=\"service-plan-table-wrap\">\n<table class=\"service-plan-table\">\n<thead>\n<tr>\n<th style=\"width: 83.8906px;\"><\/th>\n<th style=\"width: 60.3281px;\">\n<div class=\"plan-heading\"><span class=\"plan-name\">CONFORT<\/span><\/p>\n<div class=\"plan-flowers\" aria-hidden=\"true\"><img decoding=\"async\" src=\"https:\/\/aa-house.ch\/wp-content\/uploads\/2026\/03\/Trefle_Thick_Filled_Icon-7.svg\" alt=\"\" \/><\/div>\n<\/div>\n<\/th>\n<th style=\"width: 56.625px;\">\n<div class=\"plan-heading\"><span class=\"plan-name\">PREMIUM<\/span><\/p>\n<div class=\"plan-flowers\" aria-hidden=\"true\"><img decoding=\"async\" src=\"https:\/\/aa-house.ch\/wp-content\/uploads\/2026\/03\/Trefle_Thick_Filled_Icon-7.svg\" alt=\"\" \/><br \/><img decoding=\"async\" src=\"https:\/\/aa-house.ch\/wp-content\/uploads\/2026\/03\/Trefle_Thick_Filled_Icon-7.svg\" alt=\"\" \/><\/div>\n<\/div>\n<\/th>\n<th style=\"width: 57.7812px;\">\n<div class=\"plan-heading\"><span class=\"plan-name\">EXCLUSIF<\/span><\/p>\n<div class=\"plan-flowers\" aria-hidden=\"true\"><img decoding=\"async\" src=\"https:\/\/aa-house.ch\/wp-content\/uploads\/2026\/03\/Trefle_Thick_Filled_Icon-7.svg\" alt=\"\" \/><br \/><img decoding=\"async\" src=\"https:\/\/aa-house.ch\/wp-content\/uploads\/2026\/03\/Trefle_Thick_Filled_Icon-7.svg\" alt=\"\" \/><br \/><img decoding=\"async\" src=\"https:\/\/aa-house.ch\/wp-content\/uploads\/2026\/03\/Trefle_Thick_Filled_Icon-7.svg\" alt=\"\" \/><\/div>\n<\/div>\n<\/th>\n<\/tr>\n<\/thead>\n<tbody>\n<tr>\n<td style=\"width: 83.8906px;\">From<\/td>\n<td style=\"width: 60.3281px;\">600 CHF\/month<\/td>\n<td style=\"width: 56.625px;\">1000 CHF\/mois<\/td>\n<td style=\"width: 57.7812px;\">1700 CHF\/mois<\/td>\n<\/tr>\n<tr>\n<td style=\"width: 83.8906px;\">Inspection visits<\/td>\n<td style=\"width: 60.3281px;\">1x \/ month<\/td>\n<td style=\"width: 56.625px;\">2x \/ month<\/td>\n<td style=\"width: 57.7812px;\">4x \/ month<\/td>\n<\/tr>\n<tr>\n<td style=\"width: 83.8906px;\">Routine checks<\/td>\n<td style=\"width: 60.3281px;\"><img decoding=\"async\" class=\"check-icon\" src=\"https:\/\/aa-house.ch\/wp-content\/uploads\/2026\/03\/CheckPackages.svg\" alt=\"Inclus\" \/><\/td>\n<td style=\"width: 56.625px;\"><img decoding=\"async\" class=\"check-icon\" src=\"https:\/\/aa-house.ch\/wp-content\/uploads\/2026\/03\/CheckPackages.svg\" alt=\"Inclus\" \/><\/td>\n<td style=\"width: 57.7812px;\"><img decoding=\"async\" class=\"check-icon\" src=\"https:\/\/aa-house.ch\/wp-content\/uploads\/2026\/03\/CheckPackages.svg\" alt=\"Inclus\" \/><\/td>\n<\/tr>\n<tr>\n<td style=\"width: 83.8906px;\" class=\"translation-block\">Heating \/ ventilation \/ systems monitoring<\/td>\n<td style=\"width: 60.3281px;\"><img decoding=\"async\" class=\"check-icon\" src=\"https:\/\/aa-house.ch\/wp-content\/uploads\/2026\/03\/CheckPackages.svg\" alt=\"Inclus\" \/><\/td>\n<td style=\"width: 56.625px;\"><img decoding=\"async\" class=\"check-icon\" src=\"https:\/\/aa-house.ch\/wp-content\/uploads\/2026\/03\/CheckPackages.svg\" alt=\"Inclus\" \/><\/td>\n<td style=\"width: 57.7812px;\"><img decoding=\"async\" class=\"check-icon\" src=\"https:\/\/aa-house.ch\/wp-content\/uploads\/2026\/03\/CheckPackages.svg\" alt=\"Inclus\" \/><\/td>\n<\/tr>\n<tr>\n<td style=\"width: 83.8906px;\" class=\"translation-block\">Technical emergency management<\/td>\n<td style=\"width: 60.3281px;\">On request<\/td>\n<td style=\"width: 56.625px;\">1 hour included<\/td>\n<td style=\"width: 57.7812px;\">2 hours included<\/td>\n<\/tr>\n<tr>\n<td style=\"width: 83.8906px;\">Coordination of service providers<\/td>\n<td style=\"width: 60.3281px;\">On request<\/td>\n<td style=\"width: 56.625px;\">On request<\/td>\n<td style=\"width: 57.7812px;\">Priority<\/td>\n<\/tr>\n<tr>\n<td style=\"width: 83.8906px;\">Visit report<\/td>\n<td style=\"width: 60.3281px;\"><img decoding=\"async\" class=\"check-icon\" src=\"https:\/\/aa-house.ch\/wp-content\/uploads\/2026\/03\/CheckPackages.svg\" alt=\"Inclus\" \/><\/td>\n<td style=\"width: 56.625px;\"><img decoding=\"async\" class=\"check-icon\" src=\"https:\/\/aa-house.ch\/wp-content\/uploads\/2026\/03\/CheckPackages.svg\" alt=\"Inclus\" \/><\/td>\n<td style=\"width: 57.7812px;\"><img decoding=\"async\" class=\"check-icon\" src=\"https:\/\/aa-house.ch\/wp-content\/uploads\/2026\/03\/CheckPackages.svg\" alt=\"Inclus\" \/><\/td>\n<\/tr>\n<tr>\n<td style=\"width: 83.8906px;\">Dedicated point of contact<\/td>\n<td style=\"width: 60.3281px;\"><img decoding=\"async\" class=\"check-icon\" src=\"https:\/\/aa-house.ch\/wp-content\/uploads\/2026\/03\/CheckPackages.svg\" alt=\"Inclus\" \/><\/td>\n<td style=\"width: 56.625px;\"><img decoding=\"async\" class=\"check-icon\" src=\"https:\/\/aa-house.ch\/wp-content\/uploads\/2026\/03\/CheckPackages.svg\" alt=\"Inclus\" \/><\/td>\n<td style=\"width: 57.7812px;\"><img decoding=\"async\" class=\"check-icon\" src=\"https:\/\/aa-house.ch\/wp-content\/uploads\/2026\/03\/CheckPackages.svg\" alt=\"Inclus\" \/><\/td>\n<\/tr>\n<tr>\n<td style=\"width: 83.8906px;\">Priority level<\/td>\n<td style=\"width: 60.3281px;\">Standard<\/td>\n<td style=\"width: 56.625px;\">High<\/td>\n<td style=\"width: 57.7812px;\">Priority<\/td>\n<\/tr>\n<tr>\n<td style=\"width: 83.8906px;\">Availability<\/td>\n<td style=\"width: 60.3281px;\" class=\"translation-block\">Mon\u2013Fri, 9am\u20135pm<\/td>\n<td style=\"width: 56.625px;\" class=\"translation-block\">Mon\u2013Sat, 9am\u20135pm<\/td>\n<td style=\"width: 57.7812px;\" class=\"translation-block\">7 days a week, 9am\u20135pm<\/td>\n<\/tr>\n<\/tbody>\n<\/table>\n<\/div>\n<\/div><\/div>\n\n<div class=\"et_pb_code_0 et_pb_code et_pb_module\"><div class=\"et_pb_code_inner\"><style>\n.service-plan-table-wrap {\n  width: 100%;\n  overflow-x: auto;\n  -webkit-overflow-scrolling: touch;\n  background: #ffffff;\n  border: 1px solid #d8d8d8;\n  border-radius: 18px;\n  box-shadow: 0 2px 8px rgba(0, 0, 0, 0.04);\n}\n\n\/* Optional: nicer scrollbar *\/\n.service-plan-table-wrap::-webkit-scrollbar {\n  height: 8px;\n}\n.service-plan-table-wrap::-webkit-scrollbar-thumb {\n  background: #cfcfcf;\n  border-radius: 20px;\n}\n.service-plan-table-wrap::-webkit-scrollbar-track {\n  background: transparent;\n}\n\n.service-plan-table {\n  width: 100%;\n  min-width: 980px; \/* keeps the layout intact and scrollable on mobile *\/\n  border-collapse: separate;\n  border-spacing: 0;\n  table-layout: fixed;\n  background: #ffffff;\n}\n\n.service-plan-table th,\n.service-plan-table td {\n  padding: 30px 20px!important;\n  border-right: 1px solid #d8d8d8;\n  border-bottom: 1px solid #d8d8d8;\n  vertical-align: middle;\n  background: #ffffff;\n  color: #4b4b4b;\n  font-size: 18px;\n  line-height: 1.35;\n  font-weight: 400;\n}\n\n.service-plan-table th:last-child,\n.service-plan-table td:last-child {\n  border-right: 0;\n}\n\n.service-plan-table tbody tr:last-child td {\n  border-bottom: 0;\n}\n\n\/* Column widths *\/\n.service-plan-table thead th:first-child,\n.service-plan-table tbody td:first-child {\n  width: 38%;\n}\n\n.service-plan-table thead th:not(:first-child),\n.service-plan-table tbody td:not(:first-child) {\n  width: 20.666%;\n  text-align: center;\n}\n\n\/* First column style *\/\n.service-plan-table tbody td:first-child {\n  text-align: left;\n  font-size: 18px;\n  font-weight: 500;\n  color: #444444;\n}\n\n\/* Header cells *\/\n.service-plan-table thead th {\n  text-align: center;\n  padding: 24px 18px 22px;\n}\n\n.plan-heading {\n  display: flex;\n  flex-direction: column;\n  align-items: center;\n  justify-content: center;\n  min-height: 88px;\n  gap: 10px;\n}\n\n.plan-name {\n  display: block;\n  font-size: 20px;\n  line-height: 1.1;\n  font-weight: 700;\n  letter-spacing: 0.03em;\n  color: #414141;\n}\n\n.plan-flowers {\n  display: flex;\n  align-items: center;\n  justify-content: center;\n  gap: 8px;\n  min-height: 34px;\n}\n\n.plan-flowers img {\n  width: 34px;\n  height: auto;\n  display: block;\n}\n\n.check-icon {\n  width: 28px;\n  height: auto;\n  display: inline-block;\n}\n\n.cell-line {\n  display: block;\n}\n\n\/* Rounded corners *\/\n.service-plan-table thead tr th:first-child {\n  border-top-left-radius: 18px;\n}\n.service-plan-table thead tr th:last-child {\n  border-top-right-radius: 18px;\n}\n.service-plan-table tbody tr:last-child td:first-child {\n  border-bottom-left-radius: 18px;\n}\n.service-plan-table tbody tr:last-child td:last-child {\n  border-bottom-right-radius: 18px;\n}\n\n  .entry-content table:not(.variations) {\n    border: 1px solid #eee;\n    margin: 0 0 0px;\n    text-align: left;\n    width: 100%;\n}\n  \n  \n\/* Tablet *\/\n@media (max-width: 980px) {\n  .service-plan-table {\n    min-width: 920px;\n  }\n\n  .service-plan-table th,\n  .service-plan-table td {\n    padding: 22px 16px;\n    font-size: 17px;\n  }\n\n  .service-plan-table tbody td:first-child {\n    font-size: 19px;\n  }\n\n  .plan-name {\n    font-size: 18px;\n  }\n\n  .plan-flowers img {\n    width: 30px;\n  }\n\n  .check-icon {\n    width: 24px;\n  }\n}\n\n\/* Small mobile *\/\n@media (max-width: 767px) {\n  .service-plan-table {\n    min-width: 430px !important;\n  }\n\n  .service-plan-table thead th:first-child,\n  .service-plan-table tbody td:first-child {\n    width: 120px !important;\n  }\n\n  .service-plan-table thead th:not(:first-child),\n  .service-plan-table tbody td:not(:first-child) {\n    width: 90px !important;\n    text-align: center;\n  }\n\n  \n  \n  .service-plan-table th,\n  .service-plan-table td {\n    padding: 10px 5px;\n  }\n\n  \n  .service-plan-table tbody td:first-child {\n    font-size: 14px;\n  }\n\n\n  .service-plan-table th, .service-plan-table td {\n        font-size: 14px;\n    }\n  .service-plan-table th, .service-plan-table td {\n    padding: 12px 6px !important;\n\n}\n  \n  .plan-flowers {\n    display: flex;\n    align-items: center;\n    justify-content: center;\n    gap: 2px;\n    min-height: 34px;\n}\n      \n  \n  .plan-name {\n        font-size: 16px;\n    }\n.plan-heading {\n    display: flex;\n    flex-direction: column;\n    align-items: center;\n    justify-content: center;\n    min-height: 80px;\n    gap: 3px;\n}\n .entry-content table:not(.variations) {\n    border: 1px solid #eee;\n    margin: 0 0 15px;\n    text-align: left;\n    width: 100%;\n} \n  \n}\n\n<\/style><\/div><\/div>\n<\/div>\n<\/div>\n<\/div>\n\n<div class=\"et_pb_section_2 et_pb_section et_section_regular et_flex_section\">\n<div class=\"et_pb_row_3 et_pb_row et_flex_row\">\n<div class=\"et_pb_column_3 et_pb_column et-last-child et_flex_column et_pb_css_mix_blend_mode_passthrough et_flex_column_24_24 et_flex_column_24_24_tablet et_flex_column_24_24_phone et_flex_column_24_24_ultraWide\">\n<div class=\"et_pb_heading_0 et_pb_heading et_pb_module et_flex_module\"><div class=\"et_pb_heading_container\"><h2 class=\"et_pb_module_header\">A clear framework, with services tailored\nto your needs<\/h2><\/div><\/div>\n\n<div class=\"et_pb_text_2 et_pb_text et_pb_bg_layout_light et_pb_module et_flex_module\"><div class=\"et_pb_text_inner\"><p>Whatever plan you choose, you have access to the full range of A.A House Management\nservices:<br \/>technical oversight, coordination of contractors, ongoing management and one-off\nrequests. <\/p>\n<p><strong>Each plan defines a clear framework: frequency of visits, level of involvement and\npriority given to your requests.<\/strong><\/p>\n<\/div><\/div>\n<\/div>\n<\/div>\n\n<div class=\"et_pb_row_4 et_pb_row et_flex_row\">\n<div class=\"et_pb_column_4 et_pb_column et-last-child et_flex_column et_pb_css_mix_blend_mode_passthrough et_flex_column_24_24 et_flex_column_24_24_tablet et_flex_column_24_24_phone et_flex_column_24_24_ultraWide\">\n<div class=\"et_pb_group_1 et_pb_group et-last-child et_pb_module et_flex_group et_pb_css_mix_blend_mode_passthrough\">\n<div class=\"et_pb_group_2 et_pb_group et_pb_module et_flex_group et_pb_css_mix_blend_mode_passthrough\">\n<div class=\"et_pb_divider_1 et_pb_divider et_pb_space et_pb_divider_position_top et_pb_module\"><div class=\"et_pb_divider_internal\"><\/div><\/div>\n<\/div>\n\n<div class=\"et_pb_group_3 et_pb_group et_pb_module et_flex_group et_pb_css_mix_blend_mode_passthrough\">\n<div class=\"et_pb_module et_pb_button_module_wrapper et_pb_button_0_wrapper\"><a class=\"et_pb_button_0 et_pb_button et_pb_bg_layout_light et_pb_module et_flex_module\" href=\"https:\/\/aa-house.ch\/en\/services\/\">Discover our services<\/a><\/div>\n<\/div>\n\n<div class=\"et_pb_group_4 et_pb_group et-last-child et_pb_module et_flex_group et_pb_css_mix_blend_mode_passthrough\">\n<div class=\"et_pb_divider_2 et_pb_divider et_pb_space et_pb_divider_position_top et_pb_module\"><div class=\"et_pb_divider_internal\"><\/div><\/div>\n<\/div>\n<\/div>\n<\/div>\n<\/div>\n<\/div>\n\n<div class=\"et_pb_section_3 et_pb_section et_section_regular et_flex_section\">\n<div class=\"et_pb_row_5 et_pb_row et_flex_row\">\n<div class=\"et_pb_column_5 et_pb_column et-last-child et_flex_column et_pb_css_mix_blend_mode_passthrough et_flex_column_24_24 et_flex_column_24_24_tablet et_flex_column_24_24_phone et_flex_column_24_24_ultraWide\">\n<div class=\"et_pb_text_3 et_pb_text et_pb_bg_layout_light et_pb_module et_flex_module\"><div class=\"et_pb_text_inner\"><p>A specific need?<\/p>\n<\/div><\/div>\n\n<div class=\"et_pb_text_4 et_pb_text et_pb_bg_layout_light et_pb_module et_flex_module\"><div class=\"et_pb_text_inner\"><p>Some properties require a more tailored approach.\nWe adapt our services to your situation, your pace and your expectations.<\/p>\n<\/div><\/div>\n\n<div class=\"et_pb_module et_pb_button_module_wrapper et_pb_button_1_wrapper\"><a class=\"et_pb_button_1 et_pb_button et_pb_bg_layout_light et_pb_module et_flex_module\" href=\"https:\/\/aa-house.ch\/en\/contact\/\">Contact us<\/a><\/div>\n<\/div>\n<\/div>\n<\/div>","protected":false},"excerpt":{"rendered":"","protected":false},"author":1,"featured_media":0,"parent":0,"menu_order":0,"comment_status":"closed","ping_status":"closed","template":"","meta":{"footnotes":""},"dipi_cpt_category":[],"class_list":["post-14","page","type-page","status-publish","hentry"],"yoast_head":"<!-- This site is optimized with the Yoast SEO plugin v27.3 - https:\/\/yoast.com\/product\/yoast-seo-wordpress\/ -->\n<title>Formules de gestion de maison \u00e0 Gen\u00e8ve | A.A House Management<\/title>\n<meta name=\"description\" content=\"D\u00e9couvrez nos formules de gestion de maison \u00e0 Gen\u00e8ve : suivi, entretien, coordination et interventions sur mesure selon vos besoins.\" \/>\n<meta name=\"robots\" content=\"index, follow, max-snippet:-1, max-image-preview:large, max-video-preview:-1\" \/>\n<link rel=\"canonical\" href=\"https:\/\/aa-house.ch\/en\/formules\/\" \/>\n<meta property=\"og:locale\" content=\"en_US\" \/>\n<meta property=\"og:type\" content=\"article\" \/>\n<meta property=\"og:title\" content=\"Formules de gestion de maison \u00e0 Gen\u00e8ve | A.A House Management\" \/>\n<meta property=\"og:description\" content=\"D\u00e9couvrez nos formules de gestion de maison \u00e0 Gen\u00e8ve : suivi, entretien, coordination et interventions sur mesure selon vos besoins.\" \/>\n<meta property=\"og:url\" content=\"https:\/\/aa-house.ch\/en\/formules\/\" \/>\n<meta property=\"og:site_name\" content=\"A.A House Management\" \/>\n<meta property=\"article:modified_time\" content=\"2026-04-07T08:36:34+00:00\" \/>\n<meta name=\"twitter:card\" content=\"summary_large_image\" \/>\n<script type=\"application\/ld+json\" class=\"yoast-schema-graph\">{\"@context\":\"https:\\\/\\\/schema.org\",\"@graph\":[{\"@type\":\"WebPage\",\"@id\":\"https:\\\/\\\/aa-house.ch\\\/formules\\\/\",\"url\":\"https:\\\/\\\/aa-house.ch\\\/formules\\\/\",\"name\":\"Formules de gestion de maison \u00e0 Gen\u00e8ve | A.A House Management\",\"isPartOf\":{\"@id\":\"https:\\\/\\\/aa-house.ch\\\/#website\"},\"datePublished\":\"2026-03-19T06:59:48+00:00\",\"dateModified\":\"2026-04-07T08:36:34+00:00\",\"description\":\"D\u00e9couvrez nos formules de gestion de maison \u00e0 Gen\u00e8ve : suivi, entretien, coordination et interventions sur mesure selon vos besoins.\",\"breadcrumb\":{\"@id\":\"https:\\\/\\\/aa-house.ch\\\/formules\\\/#breadcrumb\"},\"inLanguage\":\"en-US\",\"potentialAction\":[{\"@type\":\"ReadAction\",\"target\":[\"https:\\\/\\\/aa-house.ch\\\/formules\\\/\"]}]},{\"@type\":\"BreadcrumbList\",\"@id\":\"https:\\\/\\\/aa-house.ch\\\/formules\\\/#breadcrumb\",\"itemListElement\":[{\"@type\":\"ListItem\",\"position\":1,\"name\":\"Home\",\"item\":\"https:\\\/\\\/aa-house.ch\\\/\"},{\"@type\":\"ListItem\",\"position\":2,\"name\":\"Formules\"}]},{\"@type\":\"WebSite\",\"@id\":\"https:\\\/\\\/aa-house.ch\\\/#website\",\"url\":\"https:\\\/\\\/aa-house.ch\\\/\",\"name\":\"A.A House Management\",\"description\":\"\",\"publisher\":{\"@id\":\"https:\\\/\\\/aa-house.ch\\\/#organization\"},\"potentialAction\":[{\"@type\":\"SearchAction\",\"target\":{\"@type\":\"EntryPoint\",\"urlTemplate\":\"https:\\\/\\\/aa-house.ch\\\/?s={search_term_string}\"},\"query-input\":{\"@type\":\"PropertyValueSpecification\",\"valueRequired\":true,\"valueName\":\"search_term_string\"}}],\"inLanguage\":\"en-US\"},{\"@type\":\"Organization\",\"@id\":\"https:\\\/\\\/aa-house.ch\\\/#organization\",\"name\":\"A.A House Management\",\"url\":\"https:\\\/\\\/aa-house.ch\\\/\",\"logo\":{\"@type\":\"ImageObject\",\"inLanguage\":\"en-US\",\"@id\":\"https:\\\/\\\/aa-house.ch\\\/#\\\/schema\\\/logo\\\/image\\\/\",\"url\":\"https:\\\/\\\/aa-house.ch\\\/wp-content\\\/uploads\\\/2026\\\/03\\\/LOGO_Orange__AAHouseManagement-1.png\",\"contentUrl\":\"https:\\\/\\\/aa-house.ch\\\/wp-content\\\/uploads\\\/2026\\\/03\\\/LOGO_Orange__AAHouseManagement-1.png\",\"width\":500,\"height\":151,\"caption\":\"A.A House Management\"},\"image\":{\"@id\":\"https:\\\/\\\/aa-house.ch\\\/#\\\/schema\\\/logo\\\/image\\\/\"}}]}<\/script>\n<!-- \/ Yoast SEO plugin. -->","yoast_head_json":{"title":"Formules de gestion de maison \u00e0 Gen\u00e8ve | A.A House Management","description":"D\u00e9couvrez nos formules de gestion de maison \u00e0 Gen\u00e8ve : suivi, entretien, coordination et interventions sur mesure selon vos besoins.","robots":{"index":"index","follow":"follow","max-snippet":"max-snippet:-1","max-image-preview":"max-image-preview:large","max-video-preview":"max-video-preview:-1"},"canonical":"https:\/\/aa-house.ch\/en\/formules\/","og_locale":"en_US","og_type":"article","og_title":"Formules de gestion de maison \u00e0 Gen\u00e8ve | A.A House Management","og_description":"D\u00e9couvrez nos formules de gestion de maison \u00e0 Gen\u00e8ve : suivi, entretien, coordination et interventions sur mesure selon vos besoins.","og_url":"https:\/\/aa-house.ch\/en\/formules\/","og_site_name":"A.A House Management","article_modified_time":"2026-04-07T08:36:34+00:00","twitter_card":"summary_large_image","schema":{"@context":"https:\/\/schema.org","@graph":[{"@type":"WebPage","@id":"https:\/\/aa-house.ch\/formules\/","url":"https:\/\/aa-house.ch\/formules\/","name":"Formules de gestion de maison \u00e0 Gen\u00e8ve | A.A House Management","isPartOf":{"@id":"https:\/\/aa-house.ch\/#website"},"datePublished":"2026-03-19T06:59:48+00:00","dateModified":"2026-04-07T08:36:34+00:00","description":"D\u00e9couvrez nos formules de gestion de maison \u00e0 Gen\u00e8ve : suivi, entretien, coordination et interventions sur mesure selon vos besoins.","breadcrumb":{"@id":"https:\/\/aa-house.ch\/formules\/#breadcrumb"},"inLanguage":"en-US","potentialAction":[{"@type":"ReadAction","target":["https:\/\/aa-house.ch\/formules\/"]}]},{"@type":"BreadcrumbList","@id":"https:\/\/aa-house.ch\/formules\/#breadcrumb","itemListElement":[{"@type":"ListItem","position":1,"name":"Home","item":"https:\/\/aa-house.ch\/"},{"@type":"ListItem","position":2,"name":"Formules"}]},{"@type":"WebSite","@id":"https:\/\/aa-house.ch\/#website","url":"https:\/\/aa-house.ch\/","name":"A.A House Management","description":"","publisher":{"@id":"https:\/\/aa-house.ch\/#organization"},"potentialAction":[{"@type":"SearchAction","target":{"@type":"EntryPoint","urlTemplate":"https:\/\/aa-house.ch\/?s={search_term_string}"},"query-input":{"@type":"PropertyValueSpecification","valueRequired":true,"valueName":"search_term_string"}}],"inLanguage":"en-US"},{"@type":"Organization","@id":"https:\/\/aa-house.ch\/#organization","name":"A.A House Management","url":"https:\/\/aa-house.ch\/","logo":{"@type":"ImageObject","inLanguage":"en-US","@id":"https:\/\/aa-house.ch\/#\/schema\/logo\/image\/","url":"https:\/\/aa-house.ch\/wp-content\/uploads\/2026\/03\/LOGO_Orange__AAHouseManagement-1.png","contentUrl":"https:\/\/aa-house.ch\/wp-content\/uploads\/2026\/03\/LOGO_Orange__AAHouseManagement-1.png","width":500,"height":151,"caption":"A.A House Management"},"image":{"@id":"https:\/\/aa-house.ch\/#\/schema\/logo\/image\/"}}]}},"_links":{"self":[{"href":"https:\/\/aa-house.ch\/en\/wp-json\/wp\/v2\/pages\/14","targetHints":{"allow":["GET"]}}],"collection":[{"href":"https:\/\/aa-house.ch\/en\/wp-json\/wp\/v2\/pages"}],"about":[{"href":"https:\/\/aa-house.ch\/en\/wp-json\/wp\/v2\/types\/page"}],"author":[{"embeddable":true,"href":"https:\/\/aa-house.ch\/en\/wp-json\/wp\/v2\/users\/1"}],"replies":[{"embeddable":true,"href":"https:\/\/aa-house.ch\/en\/wp-json\/wp\/v2\/comments?post=14"}],"version-history":[{"count":54,"href":"https:\/\/aa-house.ch\/en\/wp-json\/wp\/v2\/pages\/14\/revisions"}],"predecessor-version":[{"id":428,"href":"https:\/\/aa-house.ch\/en\/wp-json\/wp\/v2\/pages\/14\/revisions\/428"}],"wp:attachment":[{"href":"https:\/\/aa-house.ch\/en\/wp-json\/wp\/v2\/media?parent=14"}],"wp:term":[{"taxonomy":"dipi_cpt_category","embeddable":true,"href":"https:\/\/aa-house.ch\/en\/wp-json\/wp\/v2\/dipi_cpt_category?post=14"}],"curies":[{"name":"wp","href":"https:\/\/api.w.org\/{rel}","templated":true}]}}